{"id":21287,"date":"2025-03-12T23:50:59","date_gmt":"2025-03-12T22:50:59","guid":{"rendered":"https:\/\/linoexpress.com\/cz\/?post_type=product&#038;p=21287"},"modified":"2025-04-28T10:22:41","modified_gmt":"2025-04-28T08:22:41","slug":"elektricke-a-manualni-auto-2-v-1","status":"publish","type":"product","link":"https:\/\/linoexpress.com\/cz\/produkt\/elektricke-a-manualni-auto-2-v-1\/","title":{"rendered":"Elektrick\u00e9 a manu\u00e1ln\u00ed auto 2 v 1"},"content":{"rendered":"","protected":false},"excerpt":{"rendered":"<p>Toto inovativn\u00ed aut\u00ed\u010dko umo\u017e\u0148uje d\u011btem vybrat si mezi klasick\u00fdm manu\u00e1ln\u00edm ovl\u00e1d\u00e1n\u00edm a elektrick\u00fdm re\u017eimem pro je\u0161t\u011b z\u00e1bavn\u011bj\u0161\u00ed j\u00edzdu. Je ide\u00e1ln\u00ed pro hran\u00ed doma nebo venku, poskytuje bezpe\u010dnost a stabilitu. Modern\u00ed design a snadn\u00e9 pou\u017eit\u00ed z n\u011bj d\u011blaj\u00ed ide\u00e1ln\u00ed volbu pro nejmen\u0161\u00ed.<\/p>\n<p>&nbsp;<\/p>\n<p>&nbsp;<\/p>\n","protected":false},"featured_media":21288,"comment_status":"closed","ping_status":"closed","template":"","meta":{"inline_featured_image":false},"product_brand":[],"product_cat":[15,35],"product_tag":[],"class_list":{"0":"post-21287","1":"product","2":"type-product","3":"status-publish","4":"has-post-thumbnail","6":"product_cat-uncategorized","7":"product_cat-fun","9":"first","10":"instock","11":"sale","12":"taxable","13":"shipping-taxable","14":"purchasable","15":"product-type-simple"},"acf":[],"_links":{"self":[{"href":"https:\/\/linoexpress.com\/cz\/wp-json\/wp\/v2\/product\/21287","targetHints":{"allow":["GET"]}}],"collection":[{"href":"https:\/\/linoexpress.com\/cz\/wp-json\/wp\/v2\/product"}],"about":[{"href":"https:\/\/linoexpress.com\/cz\/wp-json\/wp\/v2\/types\/product"}],"replies":[{"embeddable":true,"href":"https:\/\/linoexpress.com\/cz\/wp-json\/wp\/v2\/comments?post=21287"}],"wp:featuredmedia":[{"embeddable":true,"href":"https:\/\/linoexpress.com\/cz\/wp-json\/wp\/v2\/media\/21288"}],"wp:attachment":[{"href":"https:\/\/linoexpress.com\/cz\/wp-json\/wp\/v2\/media?parent=21287"}],"wp:term":[{"taxonomy":"product_brand","embeddable":true,"href":"https:\/\/linoexpress.com\/cz\/wp-json\/wp\/v2\/product_brand?post=21287"},{"taxonomy":"product_cat","embeddable":true,"href":"https:\/\/linoexpress.com\/cz\/wp-json\/wp\/v2\/product_cat?post=21287"},{"taxonomy":"product_tag","embeddable":true,"href":"https:\/\/linoexpress.com\/cz\/wp-json\/wp\/v2\/product_tag?post=21287"}],"curies":[{"name":"wp","href":"https:\/\/api.w.org\/{rel}","templated":true}]}}