{"id":21304,"date":"2025-03-13T02:41:24","date_gmt":"2025-03-13T01:41:24","guid":{"rendered":"https:\/\/linoexpress.com\/cz\/?post_type=product&#038;p=21304"},"modified":"2025-09-18T10:38:44","modified_gmt":"2025-09-18T08:38:44","slug":"paska-pro-individualni-trenink-boxu","status":"publish","type":"product","link":"https:\/\/linoexpress.com\/cz\/produkt\/paska-pro-individualni-trenink-boxu\/","title":{"rendered":"P\u00e1ska pro individu\u00e1ln\u00ed tr\u00e9nink boxu"},"content":{"rendered":"","protected":false},"excerpt":{"rendered":"<p>Inovativn\u00ed odporov\u00fd p\u00e1s navr\u017een\u00fd speci\u00e1ln\u011b pro boxery. Pomohou v\u00e1m zlep\u0161it pr\u00e1ci nohou, zv\u00fd\u0161it s\u00edlu \u00fader\u016f a chr\u00e1nit se p\u0159ed zran\u011bn\u00edm. Perfektn\u00ed n\u00e1stroj pro ka\u017edou \u00farove\u0148 boxera, od za\u010d\u00e1te\u010dn\u00edk\u016f po profesion\u00e1ly.<\/p>\n<p>&nbsp;<\/p>\n<p>&nbsp;<\/p>\n","protected":false},"featured_media":21305,"comment_status":"closed","ping_status":"closed","template":"","meta":{"inline_featured_image":false},"product_brand":[],"product_cat":[15,35],"product_tag":[],"class_list":{"0":"post-21304","1":"product","2":"type-product","3":"status-publish","4":"has-post-thumbnail","6":"product_cat-uncategorized","7":"product_cat-fun","9":"first","10":"instock","11":"sale","12":"taxable","13":"shipping-taxable","14":"purchasable","15":"product-type-simple"},"acf":[],"_links":{"self":[{"href":"https:\/\/linoexpress.com\/cz\/wp-json\/wp\/v2\/product\/21304","targetHints":{"allow":["GET"]}}],"collection":[{"href":"https:\/\/linoexpress.com\/cz\/wp-json\/wp\/v2\/product"}],"about":[{"href":"https:\/\/linoexpress.com\/cz\/wp-json\/wp\/v2\/types\/product"}],"replies":[{"embeddable":true,"href":"https:\/\/linoexpress.com\/cz\/wp-json\/wp\/v2\/comments?post=21304"}],"wp:featuredmedia":[{"embeddable":true,"href":"https:\/\/linoexpress.com\/cz\/wp-json\/wp\/v2\/media\/21305"}],"wp:attachment":[{"href":"https:\/\/linoexpress.com\/cz\/wp-json\/wp\/v2\/media?parent=21304"}],"wp:term":[{"taxonomy":"product_brand","embeddable":true,"href":"https:\/\/linoexpress.com\/cz\/wp-json\/wp\/v2\/product_brand?post=21304"},{"taxonomy":"product_cat","embeddable":true,"href":"https:\/\/linoexpress.com\/cz\/wp-json\/wp\/v2\/product_cat?post=21304"},{"taxonomy":"product_tag","embeddable":true,"href":"https:\/\/linoexpress.com\/cz\/wp-json\/wp\/v2\/product_tag?post=21304"}],"curies":[{"name":"wp","href":"https:\/\/api.w.org\/{rel}","templated":true}]}}