{"id":21323,"date":"2025-03-14T11:44:17","date_gmt":"2025-03-14T10:44:17","guid":{"rendered":"https:\/\/linoexpress.com\/cz\/?post_type=product&#038;p=21323"},"modified":"2025-03-30T15:01:54","modified_gmt":"2025-03-30T13:01:54","slug":"trener-kegel","status":"publish","type":"product","link":"https:\/\/linoexpress.com\/cz\/produkt\/trener-kegel\/","title":{"rendered":"Tren\u00e9r Kegel"},"content":{"rendered":"","protected":false},"excerpt":{"rendered":"<p>Z\u00edskejte v\u011bt\u0161\u00ed kontrolu a vytrvalost pomoc\u00ed Kegelov\u00fdch cvik\u016f, kter\u00e9 posiluj\u00ed svaly p\u00e1nevn\u00edho dna. Tato jednoduch\u00e1, p\u0159\u00edrodn\u00ed a osv\u011bd\u010den\u00e1 metoda zlep\u0161uje fyzickou kondici, trv\u00e1n\u00ed a celkovou pohodu bez pou\u017eit\u00ed l\u00e9k\u016f. Je ide\u00e1ln\u00ed pro mu\u017ee i \u017eeny a je p\u0159enosn\u00fd a snadno pou\u017eiteln\u00fd kdekoli.<\/p>\n<p>&nbsp;<\/p>\n<p>&nbsp;<\/p>\n","protected":false},"featured_media":21324,"comment_status":"closed","ping_status":"closed","template":"","meta":{"inline_featured_image":false},"product_brand":[],"product_cat":[15,35],"product_tag":[],"class_list":{"0":"post-21323","1":"product","2":"type-product","3":"status-publish","4":"has-post-thumbnail","6":"product_cat-uncategorized","7":"product_cat-fun","9":"first","10":"instock","11":"sale","12":"taxable","13":"shipping-taxable","14":"purchasable","15":"product-type-simple"},"acf":[],"_links":{"self":[{"href":"https:\/\/linoexpress.com\/cz\/wp-json\/wp\/v2\/product\/21323","targetHints":{"allow":["GET"]}}],"collection":[{"href":"https:\/\/linoexpress.com\/cz\/wp-json\/wp\/v2\/product"}],"about":[{"href":"https:\/\/linoexpress.com\/cz\/wp-json\/wp\/v2\/types\/product"}],"replies":[{"embeddable":true,"href":"https:\/\/linoexpress.com\/cz\/wp-json\/wp\/v2\/comments?post=21323"}],"wp:featuredmedia":[{"embeddable":true,"href":"https:\/\/linoexpress.com\/cz\/wp-json\/wp\/v2\/media\/21324"}],"wp:attachment":[{"href":"https:\/\/linoexpress.com\/cz\/wp-json\/wp\/v2\/media?parent=21323"}],"wp:term":[{"taxonomy":"product_brand","embeddable":true,"href":"https:\/\/linoexpress.com\/cz\/wp-json\/wp\/v2\/product_brand?post=21323"},{"taxonomy":"product_cat","embeddable":true,"href":"https:\/\/linoexpress.com\/cz\/wp-json\/wp\/v2\/product_cat?post=21323"},{"taxonomy":"product_tag","embeddable":true,"href":"https:\/\/linoexpress.com\/cz\/wp-json\/wp\/v2\/product_tag?post=21323"}],"curies":[{"name":"wp","href":"https:\/\/api.w.org\/{rel}","templated":true}]}}