{"id":21340,"date":"2025-03-15T12:03:03","date_gmt":"2025-03-15T11:03:03","guid":{"rendered":"https:\/\/linoexpress.com\/cz\/?post_type=product&#038;p=21340"},"modified":"2025-04-28T13:36:34","modified_gmt":"2025-04-28T11:36:34","slug":"interaktivni-ptaci-hracka-pro-kocky","status":"publish","type":"product","link":"https:\/\/linoexpress.com\/cz\/produkt\/interaktivni-ptaci-hracka-pro-kocky\/","title":{"rendered":"Interaktivn\u00ed pta\u010d\u00ed hra\u010dka pro ko\u010dky"},"content":{"rendered":"","protected":false},"excerpt":{"rendered":"<p>Tento ply\u0161ov\u00fd pt\u00e1k poskytuje va\u0161\u00ed ko\u010dce hodiny z\u00e1bavy d\u00edky sv\u00fdm realistick\u00fdm zvuk\u016fm a pohyb\u016fm. Jej\u00ed pe\u0159\u00ed a m\u011bkk\u00fd materi\u00e1l ji p\u0159edur\u010duj\u00ed k okusov\u00e1n\u00ed, chyt\u00e1n\u00ed a hran\u00ed. Stimuluje p\u0159irozen\u00e9 instinkty ko\u010dky, povzbuzuje aktivitu a ment\u00e1ln\u00ed stimulaci.<\/p>\n<p>&nbsp;<\/p>\n<p>&nbsp;<\/p>\n","protected":false},"featured_media":21342,"comment_status":"closed","ping_status":"closed","template":"","meta":{"inline_featured_image":false},"product_brand":[],"product_cat":[15,35],"product_tag":[],"class_list":{"0":"post-21340","1":"product","2":"type-product","3":"status-publish","4":"has-post-thumbnail","6":"product_cat-uncategorized","7":"product_cat-fun","9":"first","10":"instock","11":"sale","12":"taxable","13":"shipping-taxable","14":"purchasable","15":"product-type-simple"},"acf":[],"_links":{"self":[{"href":"https:\/\/linoexpress.com\/cz\/wp-json\/wp\/v2\/product\/21340","targetHints":{"allow":["GET"]}}],"collection":[{"href":"https:\/\/linoexpress.com\/cz\/wp-json\/wp\/v2\/product"}],"about":[{"href":"https:\/\/linoexpress.com\/cz\/wp-json\/wp\/v2\/types\/product"}],"replies":[{"embeddable":true,"href":"https:\/\/linoexpress.com\/cz\/wp-json\/wp\/v2\/comments?post=21340"}],"wp:featuredmedia":[{"embeddable":true,"href":"https:\/\/linoexpress.com\/cz\/wp-json\/wp\/v2\/media\/21342"}],"wp:attachment":[{"href":"https:\/\/linoexpress.com\/cz\/wp-json\/wp\/v2\/media?parent=21340"}],"wp:term":[{"taxonomy":"product_brand","embeddable":true,"href":"https:\/\/linoexpress.com\/cz\/wp-json\/wp\/v2\/product_brand?post=21340"},{"taxonomy":"product_cat","embeddable":true,"href":"https:\/\/linoexpress.com\/cz\/wp-json\/wp\/v2\/product_cat?post=21340"},{"taxonomy":"product_tag","embeddable":true,"href":"https:\/\/linoexpress.com\/cz\/wp-json\/wp\/v2\/product_tag?post=21340"}],"curies":[{"name":"wp","href":"https:\/\/api.w.org\/{rel}","templated":true}]}}