{"id":21513,"date":"2025-03-31T14:23:47","date_gmt":"2025-03-31T12:23:47","guid":{"rendered":"https:\/\/linoexpress.com\/cz\/?post_type=product&#038;p=21513"},"modified":"2025-09-18T10:38:53","modified_gmt":"2025-09-18T08:38:53","slug":"individualni-boxerska-treninkova-paska","status":"publish","type":"product","link":"https:\/\/linoexpress.com\/cz\/produkt\/individualni-boxerska-treninkova-paska\/","title":{"rendered":"Individu\u00e1ln\u00ed boxersk\u00e1 tr\u00e9ninkov\u00e1 p\u00e1ska"},"content":{"rendered":"","protected":false},"excerpt":{"rendered":"<p>Inovativn\u00ed boxersk\u00fd tr\u00e9ninkov\u00fd popruh, kter\u00fd zlep\u0161uje rychlost, s\u00edlu a obratnost. Pom\u00e1h\u00e1 posilovat kl\u00ed\u010dov\u00e9 svaly a zaji\u0161\u0165uje v\u00fdbu\u0161n\u00e9 pohyby bez pot\u0159eby z\u00e1va\u017e\u00ed.<\/p>\n","protected":false},"featured_media":21305,"comment_status":"closed","ping_status":"closed","template":"","meta":{"inline_featured_image":false},"product_brand":[],"product_cat":[28,15,26],"product_tag":[],"class_list":{"0":"post-21513","1":"product","2":"type-product","3":"status-publish","4":"has-post-thumbnail","6":"product_cat-beauty","7":"product_cat-uncategorized","8":"product_cat-health","10":"first","11":"instock","12":"sale","13":"taxable","14":"shipping-taxable","15":"purchasable","16":"product-type-simple"},"acf":[],"_links":{"self":[{"href":"https:\/\/linoexpress.com\/cz\/wp-json\/wp\/v2\/product\/21513","targetHints":{"allow":["GET"]}}],"collection":[{"href":"https:\/\/linoexpress.com\/cz\/wp-json\/wp\/v2\/product"}],"about":[{"href":"https:\/\/linoexpress.com\/cz\/wp-json\/wp\/v2\/types\/product"}],"replies":[{"embeddable":true,"href":"https:\/\/linoexpress.com\/cz\/wp-json\/wp\/v2\/comments?post=21513"}],"wp:featuredmedia":[{"embeddable":true,"href":"https:\/\/linoexpress.com\/cz\/wp-json\/wp\/v2\/media\/21305"}],"wp:attachment":[{"href":"https:\/\/linoexpress.com\/cz\/wp-json\/wp\/v2\/media?parent=21513"}],"wp:term":[{"taxonomy":"product_brand","embeddable":true,"href":"https:\/\/linoexpress.com\/cz\/wp-json\/wp\/v2\/product_brand?post=21513"},{"taxonomy":"product_cat","embeddable":true,"href":"https:\/\/linoexpress.com\/cz\/wp-json\/wp\/v2\/product_cat?post=21513"},{"taxonomy":"product_tag","embeddable":true,"href":"https:\/\/linoexpress.com\/cz\/wp-json\/wp\/v2\/product_tag?post=21513"}],"curies":[{"name":"wp","href":"https:\/\/api.w.org\/{rel}","templated":true}]}}