{"id":21570,"date":"2025-04-04T14:34:54","date_gmt":"2025-04-04T12:34:54","guid":{"rendered":"https:\/\/linoexpress.com\/cz\/?post_type=product&#038;p=21570"},"modified":"2025-09-18T10:01:53","modified_gmt":"2025-09-18T08:01:53","slug":"skutecne-oblicejove-masky","status":"publish","type":"product","link":"https:\/\/linoexpress.com\/cz\/produkt\/skutecne-oblicejove-masky\/","title":{"rendered":"Skute\u010dn\u00e9 obli\u010dejov\u00e9 masky"},"content":{"rendered":"","protected":false},"excerpt":{"rendered":"<p>Prom\u011b\u0148te se b\u011bhem okam\u017eiku v n\u011bkoho jin\u00e9ho!<br \/>\nVysoce kvalitn\u00ed realistick\u00e9 masky vyroben\u00e9 z p\u0159\u00edrodn\u00edho latexu. Ide\u00e1ln\u00ed na Halloween, ma\u0161karn\u00ed plesy, tematick\u00e9 ve\u010d\u00edrky nebo nezapomenuteln\u00e9 \u017eerty s p\u0159\u00e1teli.<\/p>\n","protected":false},"featured_media":21578,"comment_status":"closed","ping_status":"closed","template":"","meta":{"inline_featured_image":false},"product_brand":[],"product_cat":[27,15],"product_tag":[],"class_list":{"0":"post-21570","1":"product","2":"type-product","3":"status-publish","4":"has-post-thumbnail","6":"product_cat-home","7":"product_cat-uncategorized","9":"first","10":"instock","11":"sale","12":"taxable","13":"shipping-taxable","14":"purchasable","15":"product-type-simple"},"acf":[],"_links":{"self":[{"href":"https:\/\/linoexpress.com\/cz\/wp-json\/wp\/v2\/product\/21570","targetHints":{"allow":["GET"]}}],"collection":[{"href":"https:\/\/linoexpress.com\/cz\/wp-json\/wp\/v2\/product"}],"about":[{"href":"https:\/\/linoexpress.com\/cz\/wp-json\/wp\/v2\/types\/product"}],"replies":[{"embeddable":true,"href":"https:\/\/linoexpress.com\/cz\/wp-json\/wp\/v2\/comments?post=21570"}],"wp:featuredmedia":[{"embeddable":true,"href":"https:\/\/linoexpress.com\/cz\/wp-json\/wp\/v2\/media\/21578"}],"wp:attachment":[{"href":"https:\/\/linoexpress.com\/cz\/wp-json\/wp\/v2\/media?parent=21570"}],"wp:term":[{"taxonomy":"product_brand","embeddable":true,"href":"https:\/\/linoexpress.com\/cz\/wp-json\/wp\/v2\/product_brand?post=21570"},{"taxonomy":"product_cat","embeddable":true,"href":"https:\/\/linoexpress.com\/cz\/wp-json\/wp\/v2\/product_cat?post=21570"},{"taxonomy":"product_tag","embeddable":true,"href":"https:\/\/linoexpress.com\/cz\/wp-json\/wp\/v2\/product_tag?post=21570"}],"curies":[{"name":"wp","href":"https:\/\/api.w.org\/{rel}","templated":true}]}}