{"id":21626,"date":"2025-04-09T09:20:58","date_gmt":"2025-04-09T07:20:58","guid":{"rendered":"https:\/\/linoexpress.com\/cz\/?post_type=product&#038;p=21626"},"modified":"2025-09-18T10:01:48","modified_gmt":"2025-09-18T08:01:48","slug":"2v1-elektricke-a-manualni-auto","status":"publish","type":"product","link":"https:\/\/linoexpress.com\/cz\/produkt\/2v1-elektricke-a-manualni-auto\/","title":{"rendered":"2v1 elektrick\u00e9 a manu\u00e1ln\u00ed auto"},"content":{"rendered":"","protected":false},"excerpt":{"rendered":"<p>Toto inovativn\u00ed aut\u00ed\u010dko poskytuje d\u011btem dvojn\u00e1sobnou z\u00e1bavu a flexibilitu. Mohou jej pou\u017e\u00edvat ru\u010dn\u011b ot\u00e1\u010den\u00edm volantu nebo aktivovat elektrick\u00fd pohon pro je\u0161t\u011b pohodln\u011bj\u0161\u00ed j\u00edzdu. Je ide\u00e1ln\u00ed pro hran\u00ed uvnit\u0159 i venku, s bezpe\u010dn\u00fdm a stabiln\u00edm designem, kter\u00fd zaji\u0161\u0165uje bezstarostnou hru.<\/p>\n","protected":false},"featured_media":21629,"comment_status":"closed","ping_status":"closed","template":"","meta":{"inline_featured_image":false},"product_brand":[],"product_cat":[27,15],"product_tag":[],"class_list":{"0":"post-21626","1":"product","2":"type-product","3":"status-publish","4":"has-post-thumbnail","6":"product_cat-home","7":"product_cat-uncategorized","9":"first","10":"instock","11":"sale","12":"taxable","13":"shipping-taxable","14":"purchasable","15":"product-type-simple"},"acf":[],"_links":{"self":[{"href":"https:\/\/linoexpress.com\/cz\/wp-json\/wp\/v2\/product\/21626","targetHints":{"allow":["GET"]}}],"collection":[{"href":"https:\/\/linoexpress.com\/cz\/wp-json\/wp\/v2\/product"}],"about":[{"href":"https:\/\/linoexpress.com\/cz\/wp-json\/wp\/v2\/types\/product"}],"replies":[{"embeddable":true,"href":"https:\/\/linoexpress.com\/cz\/wp-json\/wp\/v2\/comments?post=21626"}],"wp:featuredmedia":[{"embeddable":true,"href":"https:\/\/linoexpress.com\/cz\/wp-json\/wp\/v2\/media\/21629"}],"wp:attachment":[{"href":"https:\/\/linoexpress.com\/cz\/wp-json\/wp\/v2\/media?parent=21626"}],"wp:term":[{"taxonomy":"product_brand","embeddable":true,"href":"https:\/\/linoexpress.com\/cz\/wp-json\/wp\/v2\/product_brand?post=21626"},{"taxonomy":"product_cat","embeddable":true,"href":"https:\/\/linoexpress.com\/cz\/wp-json\/wp\/v2\/product_cat?post=21626"},{"taxonomy":"product_tag","embeddable":true,"href":"https:\/\/linoexpress.com\/cz\/wp-json\/wp\/v2\/product_tag?post=21626"}],"curies":[{"name":"wp","href":"https:\/\/api.w.org\/{rel}","templated":true}]}}