{"id":21971,"date":"2025-06-20T00:02:20","date_gmt":"2025-06-19T22:02:20","guid":{"rendered":"https:\/\/linoexpress.com\/cz\/?post_type=product&#038;p=21971"},"modified":"2025-06-20T01:37:30","modified_gmt":"2025-06-19T23:37:30","slug":"turbo-vzduchova-dmychadla","status":"publish","type":"product","link":"https:\/\/linoexpress.com\/cz\/produkt\/turbo-vzduchova-dmychadla\/","title":{"rendered":"Turbo vzduchov\u00e1 dmychadla"},"content":{"rendered":"","protected":false},"excerpt":{"rendered":"<p>Bezdr\u00e1tov\u00e9 turbo dmychadlo je v\u00fdkonn\u00fd multifunk\u010dn\u00ed n\u00e1stroj pro \u010di\u0161t\u011bn\u00ed, su\u0161en\u00ed a nafukov\u00e1n\u00ed. Ide\u00e1ln\u00ed pro auto, elektroniku, dom\u00e1cnost i venkovn\u00ed pou\u017eit\u00ed. Kompaktn\u00ed, ale velmi siln\u00e9 \u2013 urychl\u00ed a usnadn\u00ed ka\u017edodenn\u00ed \u00fakoly.<\/p>\n","protected":false},"featured_media":21983,"comment_status":"closed","ping_status":"closed","template":"","meta":{"inline_featured_image":false},"product_brand":[],"product_cat":[27,15],"product_tag":[],"class_list":{"0":"post-21971","1":"product","2":"type-product","3":"status-publish","4":"has-post-thumbnail","6":"product_cat-home","7":"product_cat-uncategorized","9":"first","10":"instock","11":"sale","12":"taxable","13":"shipping-taxable","14":"purchasable","15":"product-type-simple"},"acf":[],"_links":{"self":[{"href":"https:\/\/linoexpress.com\/cz\/wp-json\/wp\/v2\/product\/21971","targetHints":{"allow":["GET"]}}],"collection":[{"href":"https:\/\/linoexpress.com\/cz\/wp-json\/wp\/v2\/product"}],"about":[{"href":"https:\/\/linoexpress.com\/cz\/wp-json\/wp\/v2\/types\/product"}],"replies":[{"embeddable":true,"href":"https:\/\/linoexpress.com\/cz\/wp-json\/wp\/v2\/comments?post=21971"}],"wp:featuredmedia":[{"embeddable":true,"href":"https:\/\/linoexpress.com\/cz\/wp-json\/wp\/v2\/media\/21983"}],"wp:attachment":[{"href":"https:\/\/linoexpress.com\/cz\/wp-json\/wp\/v2\/media?parent=21971"}],"wp:term":[{"taxonomy":"product_brand","embeddable":true,"href":"https:\/\/linoexpress.com\/cz\/wp-json\/wp\/v2\/product_brand?post=21971"},{"taxonomy":"product_cat","embeddable":true,"href":"https:\/\/linoexpress.com\/cz\/wp-json\/wp\/v2\/product_cat?post=21971"},{"taxonomy":"product_tag","embeddable":true,"href":"https:\/\/linoexpress.com\/cz\/wp-json\/wp\/v2\/product_tag?post=21971"}],"curies":[{"name":"wp","href":"https:\/\/api.w.org\/{rel}","templated":true}]}}