{"id":21999,"date":"2025-06-25T01:04:15","date_gmt":"2025-06-24T23:04:15","guid":{"rendered":"https:\/\/linoexpress.com\/cz\/?post_type=product&#038;p=21999"},"modified":"2025-06-25T17:36:08","modified_gmt":"2025-06-25T15:36:08","slug":"akrylatove-nastenne-zrcadlo","status":"publish","type":"product","link":"https:\/\/linoexpress.com\/cz\/produkt\/akrylatove-nastenne-zrcadlo\/","title":{"rendered":"Akryl\u00e1tov\u00e9 n\u00e1st\u011bnn\u00e9 zrcadlo"},"content":{"rendered":"","protected":false},"excerpt":{"rendered":"<p data-start=\"211\" data-end=\"452\">Bezpe\u010dn\u00e9, praktick\u00e9 a mimo\u0159\u00e1dn\u011b odoln\u00e9 \u2013 akryl\u00e1tov\u00e9 zrcadlo je ide\u00e1ln\u00ed volbou do ka\u017ed\u00e9 dom\u00e1cnosti. Nerozbije se jako sklo a snadno se instaluje bez n\u00e1\u0159ad\u00ed. Skv\u011ble se hod\u00ed pro vizu\u00e1ln\u00ed zv\u011bt\u0161en\u00ed prostoru i ka\u017edodenn\u00ed pou\u017eit\u00ed.<\/p>\n<p data-start=\"454\" data-end=\"505\">\n","protected":false},"featured_media":22006,"comment_status":"closed","ping_status":"closed","template":"","meta":{"inline_featured_image":false},"product_brand":[],"product_cat":[27,15],"product_tag":[],"class_list":{"0":"post-21999","1":"product","2":"type-product","3":"status-publish","4":"has-post-thumbnail","6":"product_cat-home","7":"product_cat-uncategorized","9":"first","10":"instock","11":"sale","12":"taxable","13":"shipping-taxable","14":"purchasable","15":"product-type-simple"},"acf":[],"_links":{"self":[{"href":"https:\/\/linoexpress.com\/cz\/wp-json\/wp\/v2\/product\/21999","targetHints":{"allow":["GET"]}}],"collection":[{"href":"https:\/\/linoexpress.com\/cz\/wp-json\/wp\/v2\/product"}],"about":[{"href":"https:\/\/linoexpress.com\/cz\/wp-json\/wp\/v2\/types\/product"}],"replies":[{"embeddable":true,"href":"https:\/\/linoexpress.com\/cz\/wp-json\/wp\/v2\/comments?post=21999"}],"wp:featuredmedia":[{"embeddable":true,"href":"https:\/\/linoexpress.com\/cz\/wp-json\/wp\/v2\/media\/22006"}],"wp:attachment":[{"href":"https:\/\/linoexpress.com\/cz\/wp-json\/wp\/v2\/media?parent=21999"}],"wp:term":[{"taxonomy":"product_brand","embeddable":true,"href":"https:\/\/linoexpress.com\/cz\/wp-json\/wp\/v2\/product_brand?post=21999"},{"taxonomy":"product_cat","embeddable":true,"href":"https:\/\/linoexpress.com\/cz\/wp-json\/wp\/v2\/product_cat?post=21999"},{"taxonomy":"product_tag","embeddable":true,"href":"https:\/\/linoexpress.com\/cz\/wp-json\/wp\/v2\/product_tag?post=21999"}],"curies":[{"name":"wp","href":"https:\/\/api.w.org\/{rel}","templated":true}]}}