{"id":22044,"date":"2025-06-26T01:10:57","date_gmt":"2025-06-25T23:10:57","guid":{"rendered":"https:\/\/linoexpress.com\/cz\/?post_type=product&#038;p=22044"},"modified":"2025-06-26T03:00:44","modified_gmt":"2025-06-26T01:00:44","slug":"prenosna-spa-vana","status":"publish","type":"product","link":"https:\/\/linoexpress.com\/cz\/produkt\/prenosna-spa-vana\/","title":{"rendered":"P\u0159enosn\u00e1 spa vana"},"content":{"rendered":"","protected":false},"excerpt":{"rendered":"<p>P\u0159enosn\u00e1 mini vana je ide\u00e1ln\u00ed \u0159e\u0161en\u00ed pro relaxaci v ka\u017ed\u00e9m prostoru \u2013 doma, na cest\u00e1ch nebo dokonce venku. D\u00edky skl\u00e1dac\u00edmu designu zab\u00edr\u00e1 minim\u00e1ln\u00ed prostor a snadno se p\u0159en\u00e1\u0161\u00ed. Vyrobena z bezpe\u010dn\u00fdch, pohodln\u00fdch a termoizola\u010dn\u00edch materi\u00e1l\u016f, poskytuje plnohodnotn\u00fd spa z\u00e1\u017eitek.<\/p>\n","protected":false},"featured_media":22058,"comment_status":"closed","ping_status":"closed","template":"","meta":{"inline_featured_image":false},"product_brand":[],"product_cat":[27,15],"product_tag":[],"class_list":{"0":"post-22044","1":"product","2":"type-product","3":"status-publish","4":"has-post-thumbnail","6":"product_cat-home","7":"product_cat-uncategorized","9":"first","10":"instock","11":"sale","12":"taxable","13":"shipping-taxable","14":"purchasable","15":"product-type-simple"},"acf":[],"_links":{"self":[{"href":"https:\/\/linoexpress.com\/cz\/wp-json\/wp\/v2\/product\/22044","targetHints":{"allow":["GET"]}}],"collection":[{"href":"https:\/\/linoexpress.com\/cz\/wp-json\/wp\/v2\/product"}],"about":[{"href":"https:\/\/linoexpress.com\/cz\/wp-json\/wp\/v2\/types\/product"}],"replies":[{"embeddable":true,"href":"https:\/\/linoexpress.com\/cz\/wp-json\/wp\/v2\/comments?post=22044"}],"wp:featuredmedia":[{"embeddable":true,"href":"https:\/\/linoexpress.com\/cz\/wp-json\/wp\/v2\/media\/22058"}],"wp:attachment":[{"href":"https:\/\/linoexpress.com\/cz\/wp-json\/wp\/v2\/media?parent=22044"}],"wp:term":[{"taxonomy":"product_brand","embeddable":true,"href":"https:\/\/linoexpress.com\/cz\/wp-json\/wp\/v2\/product_brand?post=22044"},{"taxonomy":"product_cat","embeddable":true,"href":"https:\/\/linoexpress.com\/cz\/wp-json\/wp\/v2\/product_cat?post=22044"},{"taxonomy":"product_tag","embeddable":true,"href":"https:\/\/linoexpress.com\/cz\/wp-json\/wp\/v2\/product_tag?post=22044"}],"curies":[{"name":"wp","href":"https:\/\/api.w.org\/{rel}","templated":true}]}}