{"id":22087,"date":"2025-06-27T15:17:35","date_gmt":"2025-06-27T13:17:35","guid":{"rendered":"https:\/\/linoexpress.com\/cz\/?post_type=product&#038;p=22087"},"modified":"2025-06-27T23:35:42","modified_gmt":"2025-06-27T21:35:42","slug":"automaticka-uv-markyza","status":"publish","type":"product","link":"https:\/\/linoexpress.com\/cz\/produkt\/automaticka-uv-markyza\/","title":{"rendered":"Automatick\u00e1 UV mark\u00fdza"},"content":{"rendered":"","protected":false},"excerpt":{"rendered":"<p>Chra\u0148te interi\u00e9r sv\u00e9ho vozu p\u0159ed sluncem a teplem pomoc\u00ed automatick\u00e9 skl\u00e1dac\u00ed mark\u00fdzy na \u010deln\u00ed sklo. Rychle se montuje a zatahuje jedn\u00edm pohybem, nenaru\u0161uje vzhled vozu a \u0161et\u0159\u00ed energii.<\/p>\n","protected":false},"featured_media":22097,"comment_status":"closed","ping_status":"closed","template":"","meta":{"inline_featured_image":false},"product_brand":[],"product_cat":[25,15],"product_tag":[],"class_list":{"0":"post-22087","1":"product","2":"type-product","3":"status-publish","4":"has-post-thumbnail","6":"product_cat-car","7":"product_cat-uncategorized","9":"first","10":"instock","11":"sale","12":"taxable","13":"shipping-taxable","14":"purchasable","15":"product-type-simple"},"acf":[],"_links":{"self":[{"href":"https:\/\/linoexpress.com\/cz\/wp-json\/wp\/v2\/product\/22087","targetHints":{"allow":["GET"]}}],"collection":[{"href":"https:\/\/linoexpress.com\/cz\/wp-json\/wp\/v2\/product"}],"about":[{"href":"https:\/\/linoexpress.com\/cz\/wp-json\/wp\/v2\/types\/product"}],"replies":[{"embeddable":true,"href":"https:\/\/linoexpress.com\/cz\/wp-json\/wp\/v2\/comments?post=22087"}],"wp:featuredmedia":[{"embeddable":true,"href":"https:\/\/linoexpress.com\/cz\/wp-json\/wp\/v2\/media\/22097"}],"wp:attachment":[{"href":"https:\/\/linoexpress.com\/cz\/wp-json\/wp\/v2\/media?parent=22087"}],"wp:term":[{"taxonomy":"product_brand","embeddable":true,"href":"https:\/\/linoexpress.com\/cz\/wp-json\/wp\/v2\/product_brand?post=22087"},{"taxonomy":"product_cat","embeddable":true,"href":"https:\/\/linoexpress.com\/cz\/wp-json\/wp\/v2\/product_cat?post=22087"},{"taxonomy":"product_tag","embeddable":true,"href":"https:\/\/linoexpress.com\/cz\/wp-json\/wp\/v2\/product_tag?post=22087"}],"curies":[{"name":"wp","href":"https:\/\/api.w.org\/{rel}","templated":true}]}}