{"id":2229,"date":"2021-04-09T08:25:06","date_gmt":"2021-04-09T06:25:06","guid":{"rendered":"https:\/\/shopium.eu\/cz\/?post_type=product&#038;p=2229"},"modified":"2024-06-19T11:58:12","modified_gmt":"2024-06-19T09:58:12","slug":"odstranovac-barvy-paintstripper","status":"publish","type":"product","link":"https:\/\/linoexpress.com\/cz\/produkt\/odstranovac-barvy-paintstripper\/","title":{"rendered":"Odstra\u0148ova\u010d barvy \u2013 PaintStripper"},"content":{"rendered":"","protected":false},"excerpt":{"rendered":"<p>Vysoce \u00fa\u010dinn\u00fd odstra\u0148ova\u010d barvy, kter\u00fd pracuje na r\u016fzn\u00fdch povr\u0161\u00edch, v\u00e1s pot\u011b\u0161\u00ed rychlost\u00ed rozpou\u0161t\u011bn\u00ed barvy za pouh\u00fdch 10 minut a \u0161irokou \u0161k\u00e1lou aplikac\u00ed. Mno\u017estv\u00ed v l\u00e1hvi sta\u010d\u00ed na 3 m2 povrchu.<\/p>\n","protected":false},"featured_media":1159,"comment_status":"closed","ping_status":"closed","template":"","meta":{"inline_featured_image":false},"product_brand":[],"product_cat":[27,15],"product_tag":[],"class_list":{"0":"post-2229","1":"product","2":"type-product","3":"status-publish","4":"has-post-thumbnail","6":"product_cat-home","7":"product_cat-uncategorized","9":"first","10":"instock","11":"sale","12":"taxable","13":"shipping-taxable","14":"purchasable","15":"product-type-simple"},"acf":[],"_links":{"self":[{"href":"https:\/\/linoexpress.com\/cz\/wp-json\/wp\/v2\/product\/2229","targetHints":{"allow":["GET"]}}],"collection":[{"href":"https:\/\/linoexpress.com\/cz\/wp-json\/wp\/v2\/product"}],"about":[{"href":"https:\/\/linoexpress.com\/cz\/wp-json\/wp\/v2\/types\/product"}],"replies":[{"embeddable":true,"href":"https:\/\/linoexpress.com\/cz\/wp-json\/wp\/v2\/comments?post=2229"}],"wp:featuredmedia":[{"embeddable":true,"href":"https:\/\/linoexpress.com\/cz\/wp-json\/wp\/v2\/media\/1159"}],"wp:attachment":[{"href":"https:\/\/linoexpress.com\/cz\/wp-json\/wp\/v2\/media?parent=2229"}],"wp:term":[{"taxonomy":"product_brand","embeddable":true,"href":"https:\/\/linoexpress.com\/cz\/wp-json\/wp\/v2\/product_brand?post=2229"},{"taxonomy":"product_cat","embeddable":true,"href":"https:\/\/linoexpress.com\/cz\/wp-json\/wp\/v2\/product_cat?post=2229"},{"taxonomy":"product_tag","embeddable":true,"href":"https:\/\/linoexpress.com\/cz\/wp-json\/wp\/v2\/product_tag?post=2229"}],"curies":[{"name":"wp","href":"https:\/\/api.w.org\/{rel}","templated":true}]}}