{"id":22349,"date":"2025-07-24T21:18:38","date_gmt":"2025-07-24T19:18:38","guid":{"rendered":"https:\/\/linoexpress.com\/cz\/?post_type=product&#038;p=22349"},"modified":"2025-07-24T22:50:30","modified_gmt":"2025-07-24T20:50:30","slug":"rotujici-kos-na-gril","status":"publish","type":"product","link":"https:\/\/linoexpress.com\/cz\/produkt\/rotujici-kos-na-gril\/","title":{"rendered":"Rotuj\u00edc\u00ed ko\u0161 na gril"},"content":{"rendered":"","protected":false},"excerpt":{"rendered":"<p>Praktick\u00fd a inovativn\u00ed ko\u0161 na pe\u010den\u00ed, kter\u00fd rovnom\u011brn\u011b ot\u00e1\u010d\u00ed j\u00eddlo pro dokonalou chu\u0165. Ide\u00e1ln\u00ed pro zeleninu, maso a o\u0159echy. \u0160et\u0159\u00ed \u010das, prostor a umo\u017e\u0148uje pln\u00e9 vychutn\u00e1n\u00ed grilov\u00e1n\u00ed.<\/p>\n","protected":false},"featured_media":22363,"comment_status":"closed","ping_status":"closed","template":"","meta":{"inline_featured_image":false},"product_brand":[],"product_cat":[25,15],"product_tag":[],"class_list":{"0":"post-22349","1":"product","2":"type-product","3":"status-publish","4":"has-post-thumbnail","6":"product_cat-car","7":"product_cat-uncategorized","9":"first","10":"instock","11":"sale","12":"taxable","13":"shipping-taxable","14":"purchasable","15":"product-type-simple"},"acf":[],"_links":{"self":[{"href":"https:\/\/linoexpress.com\/cz\/wp-json\/wp\/v2\/product\/22349","targetHints":{"allow":["GET"]}}],"collection":[{"href":"https:\/\/linoexpress.com\/cz\/wp-json\/wp\/v2\/product"}],"about":[{"href":"https:\/\/linoexpress.com\/cz\/wp-json\/wp\/v2\/types\/product"}],"replies":[{"embeddable":true,"href":"https:\/\/linoexpress.com\/cz\/wp-json\/wp\/v2\/comments?post=22349"}],"wp:featuredmedia":[{"embeddable":true,"href":"https:\/\/linoexpress.com\/cz\/wp-json\/wp\/v2\/media\/22363"}],"wp:attachment":[{"href":"https:\/\/linoexpress.com\/cz\/wp-json\/wp\/v2\/media?parent=22349"}],"wp:term":[{"taxonomy":"product_brand","embeddable":true,"href":"https:\/\/linoexpress.com\/cz\/wp-json\/wp\/v2\/product_brand?post=22349"},{"taxonomy":"product_cat","embeddable":true,"href":"https:\/\/linoexpress.com\/cz\/wp-json\/wp\/v2\/product_cat?post=22349"},{"taxonomy":"product_tag","embeddable":true,"href":"https:\/\/linoexpress.com\/cz\/wp-json\/wp\/v2\/product_tag?post=22349"}],"curies":[{"name":"wp","href":"https:\/\/api.w.org\/{rel}","templated":true}]}}