{"id":22522,"date":"2025-08-26T12:06:04","date_gmt":"2025-08-26T10:06:04","guid":{"rendered":"https:\/\/linoexpress.com\/cz\/?post_type=product&#038;p=22522"},"modified":"2025-08-26T13:52:01","modified_gmt":"2025-08-26T11:52:01","slug":"tichy-mic-pro-nekonecnou-zabavu-silent-basketball","status":"publish","type":"product","link":"https:\/\/linoexpress.com\/cz\/produkt\/tichy-mic-pro-nekonecnou-zabavu-silent-basketball\/","title":{"rendered":"Tich\u00fd m\u00ed\u010d pro nekone\u010dnou z\u00e1bavu \u2013 Silent Basketball"},"content":{"rendered":"","protected":false},"excerpt":{"rendered":"<p>P\u0159edstavte si basketbalov\u00fd m\u00ed\u010d, kter\u00fd ned\u011bl\u00e1 hluk, nepo\u0161kozuje n\u00e1bytek a je bezpe\u010dn\u00fd pro hran\u00ed v byt\u011b. P\u0159esn\u011b to p\u0159in\u00e1\u0161\u00ed Silent Basketball \u2013 lehk\u00fd a elastick\u00fd m\u00ed\u010d, kter\u00fd je stvo\u0159en\u00fd pro hodiny z\u00e1bavy.<br data-start=\"348\" data-end=\"351\" \/>Bez pumpov\u00e1n\u00ed, bez omezen\u00ed, jen \u010dist\u00e1 hra!<\/p>\n","protected":false},"featured_media":22527,"comment_status":"closed","ping_status":"closed","template":"","meta":{"inline_featured_image":false},"product_brand":[],"product_cat":[25,15],"product_tag":[],"class_list":{"0":"post-22522","1":"product","2":"type-product","3":"status-publish","4":"has-post-thumbnail","6":"product_cat-car","7":"product_cat-uncategorized","9":"first","10":"instock","11":"sale","12":"taxable","13":"shipping-taxable","14":"purchasable","15":"product-type-simple"},"acf":[],"_links":{"self":[{"href":"https:\/\/linoexpress.com\/cz\/wp-json\/wp\/v2\/product\/22522","targetHints":{"allow":["GET"]}}],"collection":[{"href":"https:\/\/linoexpress.com\/cz\/wp-json\/wp\/v2\/product"}],"about":[{"href":"https:\/\/linoexpress.com\/cz\/wp-json\/wp\/v2\/types\/product"}],"replies":[{"embeddable":true,"href":"https:\/\/linoexpress.com\/cz\/wp-json\/wp\/v2\/comments?post=22522"}],"wp:featuredmedia":[{"embeddable":true,"href":"https:\/\/linoexpress.com\/cz\/wp-json\/wp\/v2\/media\/22527"}],"wp:attachment":[{"href":"https:\/\/linoexpress.com\/cz\/wp-json\/wp\/v2\/media?parent=22522"}],"wp:term":[{"taxonomy":"product_brand","embeddable":true,"href":"https:\/\/linoexpress.com\/cz\/wp-json\/wp\/v2\/product_brand?post=22522"},{"taxonomy":"product_cat","embeddable":true,"href":"https:\/\/linoexpress.com\/cz\/wp-json\/wp\/v2\/product_cat?post=22522"},{"taxonomy":"product_tag","embeddable":true,"href":"https:\/\/linoexpress.com\/cz\/wp-json\/wp\/v2\/product_tag?post=22522"}],"curies":[{"name":"wp","href":"https:\/\/api.w.org\/{rel}","templated":true}]}}