{"id":22723,"date":"2025-10-17T10:08:20","date_gmt":"2025-10-17T08:08:20","guid":{"rendered":"https:\/\/linoexpress.com\/cz\/?post_type=product&#038;p=22723"},"modified":"2026-03-11T00:32:40","modified_gmt":"2026-03-10T23:32:40","slug":"zvukova-kniha-pro-vyuku-anglictiny","status":"publish","type":"product","link":"https:\/\/linoexpress.com\/cz\/produkt\/zvukova-kniha-pro-vyuku-anglictiny\/","title":{"rendered":"Zvukov\u00e1 kniha pro v\u00fduku angli\u010dtiny"},"content":{"rendered":"","protected":false},"excerpt":{"rendered":"<p>Interaktivn\u00ed kniha se zvukem pom\u00e1h\u00e1 d\u011btem nau\u010dit se v\u00edce ne\u017e 470 anglick\u00fdch slov prost\u0159ednictv\u00edm 21 t\u00e9mat, kv\u00edz\u016f a p\u00edsni\u010dek. Ide\u00e1ln\u00ed pro dom\u00e1c\u00ed pou\u017eit\u00ed, \u0161kolku, \u0161kolu nebo jako vzd\u011bl\u00e1vac\u00ed d\u00e1rek. Kniha spojuje z\u00e1bavu a u\u010den\u00ed, povzbuzuje d\u011bti k samostatn\u00e9mu objevov\u00e1n\u00ed a mluven\u00ed.<\/p>\n","protected":false},"featured_media":22727,"comment_status":"closed","ping_status":"closed","template":"","meta":{"inline_featured_image":false},"product_brand":[],"product_cat":[27,24,15,35],"product_tag":[],"class_list":{"0":"post-22723","1":"product","2":"type-product","3":"status-publish","4":"has-post-thumbnail","6":"product_cat-home","7":"product_cat-sale","8":"product_cat-uncategorized","9":"product_cat-fun","11":"first","12":"instock","13":"sale","14":"taxable","15":"shipping-taxable","16":"purchasable","17":"product-type-simple"},"acf":[],"_links":{"self":[{"href":"https:\/\/linoexpress.com\/cz\/wp-json\/wp\/v2\/product\/22723","targetHints":{"allow":["GET"]}}],"collection":[{"href":"https:\/\/linoexpress.com\/cz\/wp-json\/wp\/v2\/product"}],"about":[{"href":"https:\/\/linoexpress.com\/cz\/wp-json\/wp\/v2\/types\/product"}],"replies":[{"embeddable":true,"href":"https:\/\/linoexpress.com\/cz\/wp-json\/wp\/v2\/comments?post=22723"}],"wp:featuredmedia":[{"embeddable":true,"href":"https:\/\/linoexpress.com\/cz\/wp-json\/wp\/v2\/media\/22727"}],"wp:attachment":[{"href":"https:\/\/linoexpress.com\/cz\/wp-json\/wp\/v2\/media?parent=22723"}],"wp:term":[{"taxonomy":"product_brand","embeddable":true,"href":"https:\/\/linoexpress.com\/cz\/wp-json\/wp\/v2\/product_brand?post=22723"},{"taxonomy":"product_cat","embeddable":true,"href":"https:\/\/linoexpress.com\/cz\/wp-json\/wp\/v2\/product_cat?post=22723"},{"taxonomy":"product_tag","embeddable":true,"href":"https:\/\/linoexpress.com\/cz\/wp-json\/wp\/v2\/product_tag?post=22723"}],"curies":[{"name":"wp","href":"https:\/\/api.w.org\/{rel}","templated":true}]}}