{"id":22742,"date":"2025-10-17T16:24:24","date_gmt":"2025-10-17T14:24:24","guid":{"rendered":"https:\/\/linoexpress.com\/cz\/?post_type=product&#038;p=22742"},"modified":"2025-11-19T09:41:27","modified_gmt":"2025-11-19T08:41:27","slug":"emocionalni-plysova-hracka-kuschelkoala","status":"publish","type":"product","link":"https:\/\/linoexpress.com\/cz\/produkt\/emocionalni-plysova-hracka-kuschelkoala\/","title":{"rendered":"Emocion\u00e1ln\u00ed ply\u0161ov\u00e1 hra\u010dka &#8211; KuschelKoala"},"content":{"rendered":"","protected":false},"excerpt":{"rendered":"<p>KuschelKoala je v\u00edce ne\u017e jen oby\u010dejn\u00e1 ply\u0161ov\u00e1 hra\u010dka \u2013 je to mal\u00fd emocion\u00e1ln\u00ed spole\u010dn\u00edk. Jej\u00ed m\u011bkk\u00e1 a hebk\u00e1 textura poskytuje pocit bezpe\u010d\u00ed, uklid\u0148uje stres a osam\u011blost a podporuje uvol\u0148ov\u00e1n\u00ed hormonu \u0161t\u011bst\u00ed \u2013 oxytocinu. Ide\u00e1ln\u00ed pro d\u011bti i dosp\u011bl\u00e9, doma, na cest\u00e1ch nebo jako st\u00e1l\u00fd zdroj \u00fat\u011bchy.<\/p>\n","protected":false},"featured_media":22744,"comment_status":"closed","ping_status":"closed","template":"","meta":{"inline_featured_image":false},"product_brand":[],"product_cat":[27,24,15,35],"product_tag":[],"class_list":{"0":"post-22742","1":"product","2":"type-product","3":"status-publish","4":"has-post-thumbnail","6":"product_cat-home","7":"product_cat-sale","8":"product_cat-uncategorized","9":"product_cat-fun","11":"first","12":"instock","13":"sale","14":"taxable","15":"shipping-taxable","16":"purchasable","17":"product-type-simple"},"acf":[],"_links":{"self":[{"href":"https:\/\/linoexpress.com\/cz\/wp-json\/wp\/v2\/product\/22742","targetHints":{"allow":["GET"]}}],"collection":[{"href":"https:\/\/linoexpress.com\/cz\/wp-json\/wp\/v2\/product"}],"about":[{"href":"https:\/\/linoexpress.com\/cz\/wp-json\/wp\/v2\/types\/product"}],"replies":[{"embeddable":true,"href":"https:\/\/linoexpress.com\/cz\/wp-json\/wp\/v2\/comments?post=22742"}],"wp:featuredmedia":[{"embeddable":true,"href":"https:\/\/linoexpress.com\/cz\/wp-json\/wp\/v2\/media\/22744"}],"wp:attachment":[{"href":"https:\/\/linoexpress.com\/cz\/wp-json\/wp\/v2\/media?parent=22742"}],"wp:term":[{"taxonomy":"product_brand","embeddable":true,"href":"https:\/\/linoexpress.com\/cz\/wp-json\/wp\/v2\/product_brand?post=22742"},{"taxonomy":"product_cat","embeddable":true,"href":"https:\/\/linoexpress.com\/cz\/wp-json\/wp\/v2\/product_cat?post=22742"},{"taxonomy":"product_tag","embeddable":true,"href":"https:\/\/linoexpress.com\/cz\/wp-json\/wp\/v2\/product_tag?post=22742"}],"curies":[{"name":"wp","href":"https:\/\/api.w.org\/{rel}","templated":true}]}}