{"id":22769,"date":"2025-10-20T23:39:19","date_gmt":"2025-10-20T21:39:19","guid":{"rendered":"https:\/\/linoexpress.com\/cz\/?post_type=product&#038;p=22769"},"modified":"2026-03-11T00:32:27","modified_gmt":"2026-03-10T23:32:27","slug":"trak-na-pomoc-pri-shybech-fitband-pro","status":"publish","type":"product","link":"https:\/\/linoexpress.com\/cz\/produkt\/trak-na-pomoc-pri-shybech-fitband-pro\/","title":{"rendered":"Trak na pomoc p\u0159i shybech \u2013 FitBand Pro"},"content":{"rendered":"","protected":false},"excerpt":{"rendered":"<p>P\u0159enosn\u00e1 mini vana je ide\u00e1ln\u00ed \u0159e\u0161en\u00ed pro relaxaci v ka\u017ed\u00e9m prostoru \u2013 doma, na cest\u00e1ch nebo dokonce venku. D\u00edky skl\u00e1dac\u00edmu designu zab\u00edr\u00e1 minim\u00e1ln\u00ed prostor a snadno se p\u0159en\u00e1\u0161\u00ed. Vyrobena z bezpe\u010dn\u00fdch, pohodln\u00fdch a termoizola\u010dn\u00edch materi\u00e1l\u016f, poskytuje plnohodnotn\u00fd spa z\u00e1\u017eitek.<\/p>\n","protected":false},"featured_media":22773,"comment_status":"closed","ping_status":"closed","template":"","meta":{"inline_featured_image":false},"product_brand":[],"product_cat":[27,15,35,26],"product_tag":[],"class_list":{"0":"post-22769","1":"product","2":"type-product","3":"status-publish","4":"has-post-thumbnail","6":"product_cat-home","7":"product_cat-uncategorized","8":"product_cat-fun","9":"product_cat-health","11":"first","12":"instock","13":"sale","14":"taxable","15":"shipping-taxable","16":"purchasable","17":"product-type-simple"},"acf":[],"_links":{"self":[{"href":"https:\/\/linoexpress.com\/cz\/wp-json\/wp\/v2\/product\/22769","targetHints":{"allow":["GET"]}}],"collection":[{"href":"https:\/\/linoexpress.com\/cz\/wp-json\/wp\/v2\/product"}],"about":[{"href":"https:\/\/linoexpress.com\/cz\/wp-json\/wp\/v2\/types\/product"}],"replies":[{"embeddable":true,"href":"https:\/\/linoexpress.com\/cz\/wp-json\/wp\/v2\/comments?post=22769"}],"wp:featuredmedia":[{"embeddable":true,"href":"https:\/\/linoexpress.com\/cz\/wp-json\/wp\/v2\/media\/22773"}],"wp:attachment":[{"href":"https:\/\/linoexpress.com\/cz\/wp-json\/wp\/v2\/media?parent=22769"}],"wp:term":[{"taxonomy":"product_brand","embeddable":true,"href":"https:\/\/linoexpress.com\/cz\/wp-json\/wp\/v2\/product_brand?post=22769"},{"taxonomy":"product_cat","embeddable":true,"href":"https:\/\/linoexpress.com\/cz\/wp-json\/wp\/v2\/product_cat?post=22769"},{"taxonomy":"product_tag","embeddable":true,"href":"https:\/\/linoexpress.com\/cz\/wp-json\/wp\/v2\/product_tag?post=22769"}],"curies":[{"name":"wp","href":"https:\/\/api.w.org\/{rel}","templated":true}]}}