{"id":22797,"date":"2025-10-22T23:27:30","date_gmt":"2025-10-22T21:27:30","guid":{"rendered":"https:\/\/linoexpress.com\/cz\/?post_type=product&#038;p=22797"},"modified":"2026-03-11T00:32:19","modified_gmt":"2026-03-10T23:32:19","slug":"boxerska-sada-pro-deti","status":"publish","type":"product","link":"https:\/\/linoexpress.com\/cz\/produkt\/boxerska-sada-pro-deti\/","title":{"rendered":"Boxersk\u00e1 sada pro d\u011bti"},"content":{"rendered":"","protected":false},"excerpt":{"rendered":"<p>Z\u00e1bavn\u00fd a bezpe\u010dn\u00fd zp\u016fsob, jak d\u011bti mohou vyb\u00edt p\u0159ebyte\u010dnou energii, rozv\u00edjet kondici a koordinaci! Tato sada podporuje l\u00e1sku ke sportu, pom\u00e1h\u00e1 p\u0159i budov\u00e1n\u00ed zdrav\u00fdch n\u00e1vyk\u016f a sni\u017eov\u00e1n\u00ed stresu u d\u011bt\u00ed. Kvalitn\u00ed a bezpe\u010dn\u00e9 proveden\u00ed zaru\u010duje dlouhodob\u00e9 a bezpe\u010dn\u00e9 pou\u017e\u00edv\u00e1n\u00ed.<\/p>\n","protected":false},"featured_media":22803,"comment_status":"closed","ping_status":"closed","template":"","meta":{"inline_featured_image":false},"product_brand":[],"product_cat":[27,15,35],"product_tag":[],"class_list":{"0":"post-22797","1":"product","2":"type-product","3":"status-publish","4":"has-post-thumbnail","6":"product_cat-home","7":"product_cat-uncategorized","8":"product_cat-fun","10":"first","11":"instock","12":"sale","13":"taxable","14":"shipping-taxable","15":"purchasable","16":"product-type-simple"},"acf":[],"_links":{"self":[{"href":"https:\/\/linoexpress.com\/cz\/wp-json\/wp\/v2\/product\/22797","targetHints":{"allow":["GET"]}}],"collection":[{"href":"https:\/\/linoexpress.com\/cz\/wp-json\/wp\/v2\/product"}],"about":[{"href":"https:\/\/linoexpress.com\/cz\/wp-json\/wp\/v2\/types\/product"}],"replies":[{"embeddable":true,"href":"https:\/\/linoexpress.com\/cz\/wp-json\/wp\/v2\/comments?post=22797"}],"wp:featuredmedia":[{"embeddable":true,"href":"https:\/\/linoexpress.com\/cz\/wp-json\/wp\/v2\/media\/22803"}],"wp:attachment":[{"href":"https:\/\/linoexpress.com\/cz\/wp-json\/wp\/v2\/media?parent=22797"}],"wp:term":[{"taxonomy":"product_brand","embeddable":true,"href":"https:\/\/linoexpress.com\/cz\/wp-json\/wp\/v2\/product_brand?post=22797"},{"taxonomy":"product_cat","embeddable":true,"href":"https:\/\/linoexpress.com\/cz\/wp-json\/wp\/v2\/product_cat?post=22797"},{"taxonomy":"product_tag","embeddable":true,"href":"https:\/\/linoexpress.com\/cz\/wp-json\/wp\/v2\/product_tag?post=22797"}],"curies":[{"name":"wp","href":"https:\/\/api.w.org\/{rel}","templated":true}]}}