{"id":22860,"date":"2025-11-04T11:13:27","date_gmt":"2025-11-04T10:13:27","guid":{"rendered":"https:\/\/linoexpress.com\/cz\/?post_type=product&#038;p=22860"},"modified":"2026-04-18T11:37:19","modified_gmt":"2026-04-18T09:37:19","slug":"plysovy-roboticky-pes","status":"publish","type":"product","link":"https:\/\/linoexpress.com\/cz\/produkt\/plysovy-roboticky-pes\/","title":{"rendered":"Ply\u0161ov\u00fd robotick\u00fd pes"},"content":{"rendered":"","protected":false},"excerpt":{"rendered":"<p>Tento roztomil\u00fd ply\u0161ov\u00fd robotick\u00fd pes p\u0159in\u00e1\u0161\u00ed radost, teplo a \u00fasm\u011bv ka\u017ed\u00e9mu d\u00edt\u011bti.<br data-start=\"292\" data-end=\"295\" \/>Je dokonal\u00fdm spole\u010dn\u00edkem pro hran\u00ed, mazlen\u00ed i klidn\u00fd sp\u00e1nek \u2013 stejn\u011b jako opravdov\u00fd dom\u00e1c\u00ed mazl\u00ed\u010dek.<br data-start=\"395\" data-end=\"398\" \/>Vyroben z m\u011bkk\u00e9 a bezpe\u010dn\u00e9 tkaniny, s interaktivn\u00edmi funkcemi, kter\u00e9 o\u017eivuj\u00ed hru a vytv\u00e1\u0159ej\u00ed nezapomenuteln\u00e9 chv\u00edle.<\/p>\n","protected":false},"featured_media":22865,"comment_status":"closed","ping_status":"closed","template":"","meta":{"inline_featured_image":false},"product_brand":[],"product_cat":[27,24,15,35],"product_tag":[],"class_list":{"0":"post-22860","1":"product","2":"type-product","3":"status-publish","4":"has-post-thumbnail","6":"product_cat-home","7":"product_cat-sale","8":"product_cat-uncategorized","9":"product_cat-fun","11":"first","12":"instock","13":"sale","14":"taxable","15":"shipping-taxable","16":"purchasable","17":"product-type-simple"},"acf":[],"_links":{"self":[{"href":"https:\/\/linoexpress.com\/cz\/wp-json\/wp\/v2\/product\/22860","targetHints":{"allow":["GET"]}}],"collection":[{"href":"https:\/\/linoexpress.com\/cz\/wp-json\/wp\/v2\/product"}],"about":[{"href":"https:\/\/linoexpress.com\/cz\/wp-json\/wp\/v2\/types\/product"}],"replies":[{"embeddable":true,"href":"https:\/\/linoexpress.com\/cz\/wp-json\/wp\/v2\/comments?post=22860"}],"wp:featuredmedia":[{"embeddable":true,"href":"https:\/\/linoexpress.com\/cz\/wp-json\/wp\/v2\/media\/22865"}],"wp:attachment":[{"href":"https:\/\/linoexpress.com\/cz\/wp-json\/wp\/v2\/media?parent=22860"}],"wp:term":[{"taxonomy":"product_brand","embeddable":true,"href":"https:\/\/linoexpress.com\/cz\/wp-json\/wp\/v2\/product_brand?post=22860"},{"taxonomy":"product_cat","embeddable":true,"href":"https:\/\/linoexpress.com\/cz\/wp-json\/wp\/v2\/product_cat?post=22860"},{"taxonomy":"product_tag","embeddable":true,"href":"https:\/\/linoexpress.com\/cz\/wp-json\/wp\/v2\/product_tag?post=22860"}],"curies":[{"name":"wp","href":"https:\/\/api.w.org\/{rel}","templated":true}]}}