{"id":22879,"date":"2025-11-05T19:08:11","date_gmt":"2025-11-05T18:08:11","guid":{"rendered":"https:\/\/linoexpress.com\/cz\/produkt\/tracne-product\/"},"modified":"2026-03-10T17:30:14","modified_gmt":"2026-03-10T16:30:14","slug":"prenosny-natahovac-krku","status":"publish","type":"product","link":"https:\/\/linoexpress.com\/cz\/produkt\/prenosny-natahovac-krku\/","title":{"rendered":"P\u0159enosn\u00fd natahova\u010d krku"},"content":{"rendered":"","protected":false},"excerpt":{"rendered":"<p>\u0158ekn\u011bte sbohem ztuhlosti a nap\u011bt\u00ed v krku s t\u00edmto p\u0159enosn\u00fdm natahova\u010dem krku, kter\u00fd m\u016f\u017eete pou\u017e\u00edvat kdykoli a kdekoli. Je ide\u00e1ln\u00ed pro zotaven\u00ed po dlouh\u00e9 pr\u00e1ci u po\u010d\u00edta\u010de, fyzick\u00e9 aktivit\u011b nebo n\u00e1ro\u010dn\u00e9m dni. Poskytuje profesion\u00e1ln\u00ed prota\u017een\u00ed a \u00falevu sval\u016fm krku a ramen \u2013 to v\u0161e v pohodl\u00ed va\u0161eho domova.<\/p>\n","protected":false},"featured_media":22880,"comment_status":"closed","ping_status":"closed","template":"","meta":{"inline_featured_image":false},"product_brand":[],"product_cat":[27,24,15,35,26],"product_tag":[],"class_list":{"0":"post-22879","1":"product","2":"type-product","3":"status-publish","4":"has-post-thumbnail","6":"product_cat-home","7":"product_cat-sale","8":"product_cat-uncategorized","9":"product_cat-fun","10":"product_cat-health","12":"first","13":"instock","14":"sale","15":"taxable","16":"shipping-taxable","17":"purchasable","18":"product-type-simple"},"acf":[],"_links":{"self":[{"href":"https:\/\/linoexpress.com\/cz\/wp-json\/wp\/v2\/product\/22879","targetHints":{"allow":["GET"]}}],"collection":[{"href":"https:\/\/linoexpress.com\/cz\/wp-json\/wp\/v2\/product"}],"about":[{"href":"https:\/\/linoexpress.com\/cz\/wp-json\/wp\/v2\/types\/product"}],"replies":[{"embeddable":true,"href":"https:\/\/linoexpress.com\/cz\/wp-json\/wp\/v2\/comments?post=22879"}],"wp:featuredmedia":[{"embeddable":true,"href":"https:\/\/linoexpress.com\/cz\/wp-json\/wp\/v2\/media\/22880"}],"wp:attachment":[{"href":"https:\/\/linoexpress.com\/cz\/wp-json\/wp\/v2\/media?parent=22879"}],"wp:term":[{"taxonomy":"product_brand","embeddable":true,"href":"https:\/\/linoexpress.com\/cz\/wp-json\/wp\/v2\/product_brand?post=22879"},{"taxonomy":"product_cat","embeddable":true,"href":"https:\/\/linoexpress.com\/cz\/wp-json\/wp\/v2\/product_cat?post=22879"},{"taxonomy":"product_tag","embeddable":true,"href":"https:\/\/linoexpress.com\/cz\/wp-json\/wp\/v2\/product_tag?post=22879"}],"curies":[{"name":"wp","href":"https:\/\/api.w.org\/{rel}","templated":true}]}}