{"id":22895,"date":"2025-11-06T01:27:49","date_gmt":"2025-11-06T00:27:49","guid":{"rendered":"https:\/\/linoexpress.com\/cz\/produkt\/pandy-product\/"},"modified":"2026-03-26T14:15:10","modified_gmt":"2026-03-26T13:15:10","slug":"mazliva-panda-terapeuticky-plysak","status":"publish","type":"product","link":"https:\/\/linoexpress.com\/cz\/produkt\/mazliva-panda-terapeuticky-plysak\/","title":{"rendered":"Mazliv\u00e1 panda terapeutick\u00fd ply\u0161\u00e1k"},"content":{"rendered":"","protected":false},"excerpt":{"rendered":"<p>Roztomil\u00fd panda terapeutick\u00fd ply\u0161\u00e1k byl vytvo\u0159en, aby poskytl \u00fat\u011bchu, bezpe\u010d\u00ed a klid ka\u017ed\u00e9mu, kdo pot\u0159ebuje okam\u017eik n\u011bhy.<br \/>\nD\u00edky speci\u00e1ln\u00edmu designu s jemn\u00fdmi pohyby a p\u0159\u00edjemnou v\u00e1hou tato panda napodobuje pocit skute\u010dn\u00e9ho objet\u00ed a podporuje hlubokou relaxaci t\u011bla a mysli.<\/p>\n","protected":false},"featured_media":22896,"comment_status":"closed","ping_status":"closed","template":"","meta":{"inline_featured_image":false},"product_brand":[],"product_cat":[27,15,35,26],"product_tag":[],"class_list":{"0":"post-22895","1":"product","2":"type-product","3":"status-publish","4":"has-post-thumbnail","6":"product_cat-home","7":"product_cat-uncategorized","8":"product_cat-fun","9":"product_cat-health","11":"first","12":"instock","13":"sale","14":"taxable","15":"shipping-taxable","16":"purchasable","17":"product-type-simple"},"acf":[],"_links":{"self":[{"href":"https:\/\/linoexpress.com\/cz\/wp-json\/wp\/v2\/product\/22895","targetHints":{"allow":["GET"]}}],"collection":[{"href":"https:\/\/linoexpress.com\/cz\/wp-json\/wp\/v2\/product"}],"about":[{"href":"https:\/\/linoexpress.com\/cz\/wp-json\/wp\/v2\/types\/product"}],"replies":[{"embeddable":true,"href":"https:\/\/linoexpress.com\/cz\/wp-json\/wp\/v2\/comments?post=22895"}],"wp:featuredmedia":[{"embeddable":true,"href":"https:\/\/linoexpress.com\/cz\/wp-json\/wp\/v2\/media\/22896"}],"wp:attachment":[{"href":"https:\/\/linoexpress.com\/cz\/wp-json\/wp\/v2\/media?parent=22895"}],"wp:term":[{"taxonomy":"product_brand","embeddable":true,"href":"https:\/\/linoexpress.com\/cz\/wp-json\/wp\/v2\/product_brand?post=22895"},{"taxonomy":"product_cat","embeddable":true,"href":"https:\/\/linoexpress.com\/cz\/wp-json\/wp\/v2\/product_cat?post=22895"},{"taxonomy":"product_tag","embeddable":true,"href":"https:\/\/linoexpress.com\/cz\/wp-json\/wp\/v2\/product_tag?post=22895"}],"curies":[{"name":"wp","href":"https:\/\/api.w.org\/{rel}","templated":true}]}}