{"id":22910,"date":"2025-11-06T16:58:32","date_gmt":"2025-11-06T15:58:32","guid":{"rendered":"https:\/\/linoexpress.com\/cz\/produkt\/musictrvo-product\/"},"modified":"2025-11-06T17:34:34","modified_gmt":"2025-11-06T16:34:34","slug":"hudebni-skrinka-vanocni-vlak","status":"publish","type":"product","link":"https:\/\/linoexpress.com\/cz\/produkt\/hudebni-skrinka-vanocni-vlak\/","title":{"rendered":"Hudebn\u00ed sk\u0159\u00ed\u0148ka V\u00e1no\u010dn\u00ed vlak"},"content":{"rendered":"","protected":false},"excerpt":{"rendered":"<p>Retro design vlaku s n\u00e1dhern\u00fdmi v\u00e1no\u010dn\u00edmi motivy a sv\u00e1te\u010dn\u00ed hudbou vytv\u00e1\u0159\u00ed teplou, poh\u00e1dkovou atmosf\u00e9ru v ka\u017ed\u00e9m domov\u011b. Tato elegantn\u00ed dekorace s D\u011bdou Mr\u00e1zem, d\u00e1rky a efektem sn\u011bhov\u00e9 koule je perfektn\u00ed volbou pro sv\u00e1te\u010dn\u00ed st\u016fl, krb nebo polici.<\/p>\n","protected":false},"featured_media":22911,"comment_status":"closed","ping_status":"closed","template":"","meta":{"inline_featured_image":false},"product_brand":[],"product_cat":[27,24,15,35],"product_tag":[],"class_list":{"0":"post-22910","1":"product","2":"type-product","3":"status-publish","4":"has-post-thumbnail","6":"product_cat-home","7":"product_cat-sale","8":"product_cat-uncategorized","9":"product_cat-fun","11":"first","12":"instock","13":"sale","14":"taxable","15":"shipping-taxable","16":"purchasable","17":"product-type-simple"},"acf":[],"_links":{"self":[{"href":"https:\/\/linoexpress.com\/cz\/wp-json\/wp\/v2\/product\/22910","targetHints":{"allow":["GET"]}}],"collection":[{"href":"https:\/\/linoexpress.com\/cz\/wp-json\/wp\/v2\/product"}],"about":[{"href":"https:\/\/linoexpress.com\/cz\/wp-json\/wp\/v2\/types\/product"}],"replies":[{"embeddable":true,"href":"https:\/\/linoexpress.com\/cz\/wp-json\/wp\/v2\/comments?post=22910"}],"wp:featuredmedia":[{"embeddable":true,"href":"https:\/\/linoexpress.com\/cz\/wp-json\/wp\/v2\/media\/22911"}],"wp:attachment":[{"href":"https:\/\/linoexpress.com\/cz\/wp-json\/wp\/v2\/media?parent=22910"}],"wp:term":[{"taxonomy":"product_brand","embeddable":true,"href":"https:\/\/linoexpress.com\/cz\/wp-json\/wp\/v2\/product_brand?post=22910"},{"taxonomy":"product_cat","embeddable":true,"href":"https:\/\/linoexpress.com\/cz\/wp-json\/wp\/v2\/product_cat?post=22910"},{"taxonomy":"product_tag","embeddable":true,"href":"https:\/\/linoexpress.com\/cz\/wp-json\/wp\/v2\/product_tag?post=22910"}],"curies":[{"name":"wp","href":"https:\/\/api.w.org\/{rel}","templated":true}]}}