{"id":22928,"date":"2025-11-06T22:15:34","date_gmt":"2025-11-06T21:15:34","guid":{"rendered":"https:\/\/linoexpress.com\/cz\/produkt\/dino-product\/"},"modified":"2026-03-11T00:31:48","modified_gmt":"2026-03-10T23:31:48","slug":"nafukovaci-dinosaurus-pro-deti","status":"publish","type":"product","link":"https:\/\/linoexpress.com\/cz\/produkt\/nafukovaci-dinosaurus-pro-deti\/","title":{"rendered":"Nafukovac\u00ed dinosaurus pro d\u011bti"},"content":{"rendered":"","protected":false},"excerpt":{"rendered":"<p>P\u0159em\u011b\u0148te hru na skute\u010dn\u00e9 jursk\u00e9 dobrodru\u017estv\u00ed.<br \/>\nRealistick\u00fd design dinosaura s \u010derveno-\u010dern\u00fdmi detaily.<br \/>\nLED o\u010di vytv\u00e1\u0159ej\u00ed spektakul\u00e1rn\u00ed efekt v noci.<\/p>\n","protected":false},"featured_media":22929,"comment_status":"closed","ping_status":"closed","template":"","meta":{"inline_featured_image":false},"product_brand":[],"product_cat":[27,24,15,35],"product_tag":[],"class_list":{"0":"post-22928","1":"product","2":"type-product","3":"status-publish","4":"has-post-thumbnail","6":"product_cat-home","7":"product_cat-sale","8":"product_cat-uncategorized","9":"product_cat-fun","11":"first","12":"instock","13":"sale","14":"taxable","15":"shipping-taxable","16":"purchasable","17":"product-type-simple"},"acf":[],"_links":{"self":[{"href":"https:\/\/linoexpress.com\/cz\/wp-json\/wp\/v2\/product\/22928","targetHints":{"allow":["GET"]}}],"collection":[{"href":"https:\/\/linoexpress.com\/cz\/wp-json\/wp\/v2\/product"}],"about":[{"href":"https:\/\/linoexpress.com\/cz\/wp-json\/wp\/v2\/types\/product"}],"replies":[{"embeddable":true,"href":"https:\/\/linoexpress.com\/cz\/wp-json\/wp\/v2\/comments?post=22928"}],"wp:featuredmedia":[{"embeddable":true,"href":"https:\/\/linoexpress.com\/cz\/wp-json\/wp\/v2\/media\/22929"}],"wp:attachment":[{"href":"https:\/\/linoexpress.com\/cz\/wp-json\/wp\/v2\/media?parent=22928"}],"wp:term":[{"taxonomy":"product_brand","embeddable":true,"href":"https:\/\/linoexpress.com\/cz\/wp-json\/wp\/v2\/product_brand?post=22928"},{"taxonomy":"product_cat","embeddable":true,"href":"https:\/\/linoexpress.com\/cz\/wp-json\/wp\/v2\/product_cat?post=22928"},{"taxonomy":"product_tag","embeddable":true,"href":"https:\/\/linoexpress.com\/cz\/wp-json\/wp\/v2\/product_tag?post=22928"}],"curies":[{"name":"wp","href":"https:\/\/api.w.org\/{rel}","templated":true}]}}