{"id":22989,"date":"2025-11-11T07:10:49","date_gmt":"2025-11-11T06:10:49","guid":{"rendered":"https:\/\/linoexpress.com\/cz\/produkt\/watest-product\/"},"modified":"2026-01-14T17:13:26","modified_gmt":"2026-01-14T16:13:26","slug":"tester-vody","status":"publish","type":"product","link":"https:\/\/linoexpress.com\/cz\/produkt\/tester-vody\/","title":{"rendered":"Tester vody"},"content":{"rendered":"","protected":false},"excerpt":{"rendered":"<p>Digit\u00e1ln\u00ed tester pro rychl\u00e9 a p\u0159esn\u00e9 m\u011b\u0159en\u00ed kvality vody.<br \/>\nZobrazuje TDS, vodivost a teplotu v re\u00e1ln\u00e9m \u010dase.<br \/>\nVhodn\u00fd pro dom\u00e1cnosti, hydroponick\u00e9 kultury a baz\u00e9ny.<\/p>\n","protected":false},"featured_media":22990,"comment_status":"closed","ping_status":"closed","template":"","meta":{"inline_featured_image":false},"product_brand":[],"product_cat":[27,15,35,26],"product_tag":[],"class_list":{"0":"post-22989","1":"product","2":"type-product","3":"status-publish","4":"has-post-thumbnail","6":"product_cat-home","7":"product_cat-uncategorized","8":"product_cat-fun","9":"product_cat-health","11":"first","12":"instock","13":"sale","14":"taxable","15":"shipping-taxable","16":"purchasable","17":"product-type-simple"},"acf":[],"_links":{"self":[{"href":"https:\/\/linoexpress.com\/cz\/wp-json\/wp\/v2\/product\/22989","targetHints":{"allow":["GET"]}}],"collection":[{"href":"https:\/\/linoexpress.com\/cz\/wp-json\/wp\/v2\/product"}],"about":[{"href":"https:\/\/linoexpress.com\/cz\/wp-json\/wp\/v2\/types\/product"}],"replies":[{"embeddable":true,"href":"https:\/\/linoexpress.com\/cz\/wp-json\/wp\/v2\/comments?post=22989"}],"wp:featuredmedia":[{"embeddable":true,"href":"https:\/\/linoexpress.com\/cz\/wp-json\/wp\/v2\/media\/22990"}],"wp:attachment":[{"href":"https:\/\/linoexpress.com\/cz\/wp-json\/wp\/v2\/media?parent=22989"}],"wp:term":[{"taxonomy":"product_brand","embeddable":true,"href":"https:\/\/linoexpress.com\/cz\/wp-json\/wp\/v2\/product_brand?post=22989"},{"taxonomy":"product_cat","embeddable":true,"href":"https:\/\/linoexpress.com\/cz\/wp-json\/wp\/v2\/product_cat?post=22989"},{"taxonomy":"product_tag","embeddable":true,"href":"https:\/\/linoexpress.com\/cz\/wp-json\/wp\/v2\/product_tag?post=22989"}],"curies":[{"name":"wp","href":"https:\/\/api.w.org\/{rel}","templated":true}]}}