{"id":23029,"date":"2025-11-12T11:55:43","date_gmt":"2025-11-12T10:55:43","guid":{"rendered":"https:\/\/linoexpress.com\/cz\/produkt\/ulrep-product\/"},"modified":"2025-11-12T16:15:41","modified_gmt":"2025-11-12T15:15:41","slug":"ultrazvukova-ochrana-proti-hlodavcum","status":"publish","type":"product","link":"https:\/\/linoexpress.com\/cz\/produkt\/ultrazvukova-ochrana-proti-hlodavcum\/","title":{"rendered":"Ultrazvukov\u00e1 ochrana proti hlodavc\u016fm"},"content":{"rendered":"","protected":false},"excerpt":{"rendered":"<p>Elektronick\u00e9 za\u0159\u00edzen\u00ed, kter\u00e9 odpuzuje my\u0161i a jin\u00e9 hlodavce vysokofrekven\u010dn\u00edmi zvukov\u00fdmi vlnami.<br \/>\nJe nepost\u0159ehnuteln\u00e9 lidsk\u00fdm uchem, ale hlodavc\u016fm zp\u016fsobuje nepohodl\u00ed a odpor.<br \/>\nJe snadn\u00e9 na pou\u017eit\u00ed a bezpe\u010dn\u00e9 pro lidi a dom\u00e1c\u00ed mazl\u00ed\u010dky.<\/p>\n","protected":false},"featured_media":23030,"comment_status":"closed","ping_status":"closed","template":"","meta":{"inline_featured_image":false},"product_brand":[],"product_cat":[27,15,35,26],"product_tag":[],"class_list":{"0":"post-23029","1":"product","2":"type-product","3":"status-publish","4":"has-post-thumbnail","6":"product_cat-home","7":"product_cat-uncategorized","8":"product_cat-fun","9":"product_cat-health","11":"first","12":"instock","13":"sale","14":"taxable","15":"shipping-taxable","16":"purchasable","17":"product-type-simple"},"acf":[],"_links":{"self":[{"href":"https:\/\/linoexpress.com\/cz\/wp-json\/wp\/v2\/product\/23029","targetHints":{"allow":["GET"]}}],"collection":[{"href":"https:\/\/linoexpress.com\/cz\/wp-json\/wp\/v2\/product"}],"about":[{"href":"https:\/\/linoexpress.com\/cz\/wp-json\/wp\/v2\/types\/product"}],"replies":[{"embeddable":true,"href":"https:\/\/linoexpress.com\/cz\/wp-json\/wp\/v2\/comments?post=23029"}],"wp:featuredmedia":[{"embeddable":true,"href":"https:\/\/linoexpress.com\/cz\/wp-json\/wp\/v2\/media\/23030"}],"wp:attachment":[{"href":"https:\/\/linoexpress.com\/cz\/wp-json\/wp\/v2\/media?parent=23029"}],"wp:term":[{"taxonomy":"product_brand","embeddable":true,"href":"https:\/\/linoexpress.com\/cz\/wp-json\/wp\/v2\/product_brand?post=23029"},{"taxonomy":"product_cat","embeddable":true,"href":"https:\/\/linoexpress.com\/cz\/wp-json\/wp\/v2\/product_cat?post=23029"},{"taxonomy":"product_tag","embeddable":true,"href":"https:\/\/linoexpress.com\/cz\/wp-json\/wp\/v2\/product_tag?post=23029"}],"curies":[{"name":"wp","href":"https:\/\/api.w.org\/{rel}","templated":true}]}}