{"id":23058,"date":"2025-11-13T17:04:28","date_gmt":"2025-11-13T16:04:28","guid":{"rendered":"https:\/\/linoexpress.com\/cz\/produkt\/zp20-product\/"},"modified":"2025-11-13T20:30:17","modified_gmt":"2025-11-13T19:30:17","slug":"turbo-dvojita-nastenna-nabijecka-20w","status":"publish","type":"product","link":"https:\/\/linoexpress.com\/cz\/produkt\/turbo-dvojita-nastenna-nabijecka-20w\/","title":{"rendered":"Turbo dvojit\u00e1 n\u00e1st\u011bnn\u00e1 nab\u00edje\u010dka 20W"},"content":{"rendered":"","protected":false},"excerpt":{"rendered":"<p>Rychle nabijte v\u0161echna sv\u00e1 za\u0159\u00edzen\u00ed s Turbo dvojitou n\u00e1st\u011bnnou nab\u00edje\u010dkou 20W. Kompaktn\u00ed, spolehliv\u00e1 a chytr\u00e1 \u2013 tato nab\u00edje\u010dka vyu\u017e\u00edv\u00e1 pokro\u010dilou technologii pro rychl\u00e9 a bezpe\u010dn\u00e9 nab\u00edjen\u00ed telefon\u016f, tablet\u016f, konzol\u00ed a dal\u0161\u00edch za\u0159\u00edzen\u00ed. Vestav\u011bn\u00fd zatahovac\u00ed kabel a v\u00edcevrstv\u00e1 ochrana ji \u010din\u00ed praktickou pro ka\u017edou p\u0159\u00edle\u017eitost: doma, v pr\u00e1ci nebo na cest\u00e1ch.<\/p>\n","protected":false},"featured_media":23061,"comment_status":"closed","ping_status":"closed","template":"","meta":{"inline_featured_image":false},"product_brand":[],"product_cat":[27,24,15,35],"product_tag":[],"class_list":{"0":"post-23058","1":"product","2":"type-product","3":"status-publish","4":"has-post-thumbnail","6":"product_cat-home","7":"product_cat-sale","8":"product_cat-uncategorized","9":"product_cat-fun","11":"first","12":"instock","13":"sale","14":"taxable","15":"shipping-taxable","16":"purchasable","17":"product-type-simple"},"acf":[],"_links":{"self":[{"href":"https:\/\/linoexpress.com\/cz\/wp-json\/wp\/v2\/product\/23058","targetHints":{"allow":["GET"]}}],"collection":[{"href":"https:\/\/linoexpress.com\/cz\/wp-json\/wp\/v2\/product"}],"about":[{"href":"https:\/\/linoexpress.com\/cz\/wp-json\/wp\/v2\/types\/product"}],"replies":[{"embeddable":true,"href":"https:\/\/linoexpress.com\/cz\/wp-json\/wp\/v2\/comments?post=23058"}],"wp:featuredmedia":[{"embeddable":true,"href":"https:\/\/linoexpress.com\/cz\/wp-json\/wp\/v2\/media\/23061"}],"wp:attachment":[{"href":"https:\/\/linoexpress.com\/cz\/wp-json\/wp\/v2\/media?parent=23058"}],"wp:term":[{"taxonomy":"product_brand","embeddable":true,"href":"https:\/\/linoexpress.com\/cz\/wp-json\/wp\/v2\/product_brand?post=23058"},{"taxonomy":"product_cat","embeddable":true,"href":"https:\/\/linoexpress.com\/cz\/wp-json\/wp\/v2\/product_cat?post=23058"},{"taxonomy":"product_tag","embeddable":true,"href":"https:\/\/linoexpress.com\/cz\/wp-json\/wp\/v2\/product_tag?post=23058"}],"curies":[{"name":"wp","href":"https:\/\/api.w.org\/{rel}","templated":true}]}}