{"id":23159,"date":"2025-11-17T14:05:53","date_gmt":"2025-11-17T13:05:53","guid":{"rendered":"https:\/\/linoexpress.com\/cz\/produkt\/belt-product\/"},"modified":"2026-03-11T00:29:35","modified_gmt":"2026-03-10T23:29:35","slug":"belt-product","status":"publish","type":"product","link":"https:\/\/linoexpress.com\/cz\/produkt\/belt-product\/","title":{"rendered":"P\u00e1s pro spr\u00e1vn\u00e9 dr\u017een\u00ed t\u011bla"},"content":{"rendered":"","protected":false},"excerpt":{"rendered":"<p>Narovnejte sv\u00e9 dr\u017een\u00ed t\u011bla a ulevte z\u00e1d\u016fm s pohodl\u00edm lehk\u00e9ho a prody\u0161n\u00e9ho p\u00e1su. Je ide\u00e1ln\u00ed pro ka\u017edodenn\u00ed pou\u017eit\u00ed, p\u0159i pr\u00e1ci, \u0159\u00edzen\u00ed nebo pohybu. Diskr\u00e9tn\u00ed, praktick\u00fd a p\u0159izp\u016fsobiv\u00fd, poskytuje podporu bez omezen\u00ed pohybu.<\/p>\n","protected":false},"featured_media":23161,"comment_status":"closed","ping_status":"closed","template":"","meta":{"inline_featured_image":false},"product_brand":[],"product_cat":[27,15,35,26],"product_tag":[],"class_list":{"0":"post-23159","1":"product","2":"type-product","3":"status-publish","4":"has-post-thumbnail","6":"product_cat-home","7":"product_cat-uncategorized","8":"product_cat-fun","9":"product_cat-health","11":"first","12":"instock","13":"sale","14":"taxable","15":"shipping-taxable","16":"purchasable","17":"product-type-simple"},"acf":[],"_links":{"self":[{"href":"https:\/\/linoexpress.com\/cz\/wp-json\/wp\/v2\/product\/23159","targetHints":{"allow":["GET"]}}],"collection":[{"href":"https:\/\/linoexpress.com\/cz\/wp-json\/wp\/v2\/product"}],"about":[{"href":"https:\/\/linoexpress.com\/cz\/wp-json\/wp\/v2\/types\/product"}],"replies":[{"embeddable":true,"href":"https:\/\/linoexpress.com\/cz\/wp-json\/wp\/v2\/comments?post=23159"}],"wp:featuredmedia":[{"embeddable":true,"href":"https:\/\/linoexpress.com\/cz\/wp-json\/wp\/v2\/media\/23161"}],"wp:attachment":[{"href":"https:\/\/linoexpress.com\/cz\/wp-json\/wp\/v2\/media?parent=23159"}],"wp:term":[{"taxonomy":"product_brand","embeddable":true,"href":"https:\/\/linoexpress.com\/cz\/wp-json\/wp\/v2\/product_brand?post=23159"},{"taxonomy":"product_cat","embeddable":true,"href":"https:\/\/linoexpress.com\/cz\/wp-json\/wp\/v2\/product_cat?post=23159"},{"taxonomy":"product_tag","embeddable":true,"href":"https:\/\/linoexpress.com\/cz\/wp-json\/wp\/v2\/product_tag?post=23159"}],"curies":[{"name":"wp","href":"https:\/\/api.w.org\/{rel}","templated":true}]}}