{"id":24045,"date":"2025-12-10T06:46:52","date_gmt":"2025-12-10T05:46:52","guid":{"rendered":"https:\/\/linoexpress.com\/cz\/produkt\/sn-mask-product\/"},"modified":"2025-12-11T14:48:49","modified_gmt":"2025-12-11T13:48:49","slug":"snezna-ninja-maska","status":"publish","type":"product","link":"https:\/\/linoexpress.com\/cz\/produkt\/snezna-ninja-maska\/","title":{"rendered":"Sn\u011b\u017en\u00e1 ninja maska"},"content":{"rendered":"","protected":false},"excerpt":{"rendered":"<p>Sn\u011b\u017en\u00e1 Ninja maska je tv\u016fj nepostradateln\u00fd spojenec na svaz\u00edch! Kombinuje ochranu, pohodl\u00ed a styl v jednom. Tato multifunk\u010dn\u00ed maska p\u0159ich\u00e1z\u00ed s odn\u00edmatelnou maskou na obli\u010dej a br\u00fdlemi proti zaml\u017een\u00ed, kter\u00e9 poskytuj\u00ed jasnou viditelnost a \u00faplnou ochranu p\u0159ed v\u011btrem, sn\u011bhem a UV z\u00e1\u0159en\u00edm. Perfektn\u00ed pro ly\u017eov\u00e1n\u00ed, snowboarding nebo jak\u00e9koliv zimn\u00ed dobrodru\u017estv\u00ed!<\/p>\n","protected":false},"featured_media":24046,"comment_status":"closed","ping_status":"closed","template":"","meta":{"inline_featured_image":false},"product_brand":[],"product_cat":[24,15,35],"product_tag":[],"class_list":{"0":"post-24045","1":"product","2":"type-product","3":"status-publish","4":"has-post-thumbnail","6":"product_cat-sale","7":"product_cat-uncategorized","8":"product_cat-fun","10":"first","11":"instock","12":"sale","13":"taxable","14":"shipping-taxable","15":"purchasable","16":"product-type-simple"},"acf":[],"_links":{"self":[{"href":"https:\/\/linoexpress.com\/cz\/wp-json\/wp\/v2\/product\/24045","targetHints":{"allow":["GET"]}}],"collection":[{"href":"https:\/\/linoexpress.com\/cz\/wp-json\/wp\/v2\/product"}],"about":[{"href":"https:\/\/linoexpress.com\/cz\/wp-json\/wp\/v2\/types\/product"}],"replies":[{"embeddable":true,"href":"https:\/\/linoexpress.com\/cz\/wp-json\/wp\/v2\/comments?post=24045"}],"wp:featuredmedia":[{"embeddable":true,"href":"https:\/\/linoexpress.com\/cz\/wp-json\/wp\/v2\/media\/24046"}],"wp:attachment":[{"href":"https:\/\/linoexpress.com\/cz\/wp-json\/wp\/v2\/media?parent=24045"}],"wp:term":[{"taxonomy":"product_brand","embeddable":true,"href":"https:\/\/linoexpress.com\/cz\/wp-json\/wp\/v2\/product_brand?post=24045"},{"taxonomy":"product_cat","embeddable":true,"href":"https:\/\/linoexpress.com\/cz\/wp-json\/wp\/v2\/product_cat?post=24045"},{"taxonomy":"product_tag","embeddable":true,"href":"https:\/\/linoexpress.com\/cz\/wp-json\/wp\/v2\/product_tag?post=24045"}],"curies":[{"name":"wp","href":"https:\/\/api.w.org\/{rel}","templated":true}]}}