{"id":24273,"date":"2025-12-15T11:57:17","date_gmt":"2025-12-15T10:57:17","guid":{"rendered":"https:\/\/linoexpress.com\/cz\/produkt\/jazdog-product\/"},"modified":"2025-12-15T12:52:12","modified_gmt":"2025-12-15T11:52:12","slug":"chytry-plysovy-pes-jezevcik","status":"publish","type":"product","link":"https:\/\/linoexpress.com\/cz\/produkt\/chytry-plysovy-pes-jezevcik\/","title":{"rendered":"Chytr\u00fd ply\u0161ov\u00fd pes jezev\u010d\u00edk"},"content":{"rendered":"","protected":false},"excerpt":{"rendered":"<p>Seznamte se s ply\u0161ov\u00fdm mazl\u00ed\u010dkem, kter\u00fd reaguje jako skute\u010dn\u00fd jezev\u010d\u00edk.<\/p>\n<p>D\u00edky chytr\u00e9 technologii pohybu rozpozn\u00e1v\u00e1 dotek a reaguje ch\u016fz\u00ed, m\u00e1v\u00e1n\u00edm ocasem a jemn\u00fdmi pohyby hlavy.<\/p>\n<p>Je dokonal\u00fd jako emocion\u00e1ln\u00ed spole\u010dn\u00edk, d\u00e1rek nebo \u00fat\u011bcha v ka\u017ed\u00e9 dom\u00e1cnosti.<\/p>\n","protected":false},"featured_media":24274,"comment_status":"closed","ping_status":"closed","template":"","meta":{"inline_featured_image":false},"product_brand":[],"product_cat":[27,24,15,35],"product_tag":[],"class_list":{"0":"post-24273","1":"product","2":"type-product","3":"status-publish","4":"has-post-thumbnail","6":"product_cat-home","7":"product_cat-sale","8":"product_cat-uncategorized","9":"product_cat-fun","11":"first","12":"instock","13":"sale","14":"taxable","15":"shipping-taxable","16":"purchasable","17":"product-type-simple"},"acf":[],"_links":{"self":[{"href":"https:\/\/linoexpress.com\/cz\/wp-json\/wp\/v2\/product\/24273","targetHints":{"allow":["GET"]}}],"collection":[{"href":"https:\/\/linoexpress.com\/cz\/wp-json\/wp\/v2\/product"}],"about":[{"href":"https:\/\/linoexpress.com\/cz\/wp-json\/wp\/v2\/types\/product"}],"replies":[{"embeddable":true,"href":"https:\/\/linoexpress.com\/cz\/wp-json\/wp\/v2\/comments?post=24273"}],"wp:featuredmedia":[{"embeddable":true,"href":"https:\/\/linoexpress.com\/cz\/wp-json\/wp\/v2\/media\/24274"}],"wp:attachment":[{"href":"https:\/\/linoexpress.com\/cz\/wp-json\/wp\/v2\/media?parent=24273"}],"wp:term":[{"taxonomy":"product_brand","embeddable":true,"href":"https:\/\/linoexpress.com\/cz\/wp-json\/wp\/v2\/product_brand?post=24273"},{"taxonomy":"product_cat","embeddable":true,"href":"https:\/\/linoexpress.com\/cz\/wp-json\/wp\/v2\/product_cat?post=24273"},{"taxonomy":"product_tag","embeddable":true,"href":"https:\/\/linoexpress.com\/cz\/wp-json\/wp\/v2\/product_tag?post=24273"}],"curies":[{"name":"wp","href":"https:\/\/api.w.org\/{rel}","templated":true}]}}