{"id":24596,"date":"2026-01-04T02:12:25","date_gmt":"2026-01-04T01:12:25","guid":{"rendered":"https:\/\/linoexpress.com\/cz\/produkt\/autovariacija-product\/"},"modified":"2026-01-04T10:02:15","modified_gmt":"2026-01-04T09:02:15","slug":"detska-motokara-2-v-1-auto","status":"publish","type":"product","link":"https:\/\/linoexpress.com\/cz\/produkt\/detska-motokara-2-v-1-auto\/","title":{"rendered":"D\u011btsk\u00e1 motok\u00e1ra &#8211; 2 v 1 auto"},"content":{"rendered":"","protected":false},"excerpt":{"rendered":"<p>Toto multifunk\u010dn\u00ed d\u011btsk\u00e9 vozidlo umo\u017e\u0148uje dvoj\u00ed z\u00e1bavu &#8211; ru\u010dn\u00ed a elektrickou j\u00edzdu! Perfektn\u00ed pro hran\u00ed doma i venku, je lehk\u00e9, skl\u00e1dac\u00ed a snadno ovladateln\u00e9. Stabiln\u00ed konstrukce a bezpe\u010dnostn\u00ed funkce poskytuj\u00ed d\u011btem bezstarostnou a vzru\u0161uj\u00edc\u00ed j\u00edzdu.<\/p>\n","protected":false},"featured_media":24597,"comment_status":"closed","ping_status":"closed","template":"","meta":{"inline_featured_image":false},"product_brand":[],"product_cat":[27,24,15,35],"product_tag":[],"class_list":{"0":"post-24596","1":"product","2":"type-product","3":"status-publish","4":"has-post-thumbnail","6":"product_cat-home","7":"product_cat-sale","8":"product_cat-uncategorized","9":"product_cat-fun","11":"first","12":"instock","13":"sale","14":"taxable","15":"shipping-taxable","16":"purchasable","17":"product-type-variable"},"acf":[],"_links":{"self":[{"href":"https:\/\/linoexpress.com\/cz\/wp-json\/wp\/v2\/product\/24596","targetHints":{"allow":["GET"]}}],"collection":[{"href":"https:\/\/linoexpress.com\/cz\/wp-json\/wp\/v2\/product"}],"about":[{"href":"https:\/\/linoexpress.com\/cz\/wp-json\/wp\/v2\/types\/product"}],"replies":[{"embeddable":true,"href":"https:\/\/linoexpress.com\/cz\/wp-json\/wp\/v2\/comments?post=24596"}],"wp:featuredmedia":[{"embeddable":true,"href":"https:\/\/linoexpress.com\/cz\/wp-json\/wp\/v2\/media\/24597"}],"wp:attachment":[{"href":"https:\/\/linoexpress.com\/cz\/wp-json\/wp\/v2\/media?parent=24596"}],"wp:term":[{"taxonomy":"product_brand","embeddable":true,"href":"https:\/\/linoexpress.com\/cz\/wp-json\/wp\/v2\/product_brand?post=24596"},{"taxonomy":"product_cat","embeddable":true,"href":"https:\/\/linoexpress.com\/cz\/wp-json\/wp\/v2\/product_cat?post=24596"},{"taxonomy":"product_tag","embeddable":true,"href":"https:\/\/linoexpress.com\/cz\/wp-json\/wp\/v2\/product_tag?post=24596"}],"curies":[{"name":"wp","href":"https:\/\/api.w.org\/{rel}","templated":true}]}}