{"id":24620,"date":"2026-01-04T20:20:36","date_gmt":"2026-01-04T19:20:36","guid":{"rendered":"https:\/\/linoexpress.com\/cz\/produkt\/catch-product\/"},"modified":"2026-03-11T00:28:37","modified_gmt":"2026-03-10T23:28:37","slug":"humanni-viceucelova-past-na-hlodavce","status":"publish","type":"product","link":"https:\/\/linoexpress.com\/cz\/produkt\/humanni-viceucelova-past-na-hlodavce\/","title":{"rendered":"Hum\u00e1nn\u00ed v\u00edce\u00fa\u010delov\u00e1 past na hlodavce"},"content":{"rendered":"","protected":false},"excerpt":{"rendered":"<p>Hum\u00e1nn\u00ed v\u00edce\u00fa\u010delov\u00e1 past na hlodavce umo\u017e\u0148uje bezpe\u010dn\u00e9 chyt\u00e1n\u00ed my\u0161\u00ed a jin\u00fdch men\u0161\u00edch hlodavc\u016f bez zran\u011bn\u00ed a zab\u00edjen\u00ed. Je vyrobena z kvalitn\u00ed pozinkovan\u00e9 oceli, vhodn\u00e1 pro vnit\u0159n\u00ed i venkovn\u00ed pou\u017eit\u00ed. Je to ide\u00e1ln\u00ed \u0159e\u0161en\u00ed pro v\u0161echny, kte\u0159\u00ed cht\u011bj\u00ed efektivn\u00ed, etickou a dlouhodobou kontrolu hlodavc\u016f.<\/p>\n","protected":false},"featured_media":24621,"comment_status":"closed","ping_status":"closed","template":"","meta":{"inline_featured_image":false},"product_brand":[],"product_cat":[27,24,15,35],"product_tag":[],"class_list":{"0":"post-24620","1":"product","2":"type-product","3":"status-publish","4":"has-post-thumbnail","6":"product_cat-home","7":"product_cat-sale","8":"product_cat-uncategorized","9":"product_cat-fun","11":"first","12":"instock","13":"sale","14":"taxable","15":"shipping-taxable","16":"purchasable","17":"product-type-simple"},"acf":[],"_links":{"self":[{"href":"https:\/\/linoexpress.com\/cz\/wp-json\/wp\/v2\/product\/24620","targetHints":{"allow":["GET"]}}],"collection":[{"href":"https:\/\/linoexpress.com\/cz\/wp-json\/wp\/v2\/product"}],"about":[{"href":"https:\/\/linoexpress.com\/cz\/wp-json\/wp\/v2\/types\/product"}],"replies":[{"embeddable":true,"href":"https:\/\/linoexpress.com\/cz\/wp-json\/wp\/v2\/comments?post=24620"}],"wp:featuredmedia":[{"embeddable":true,"href":"https:\/\/linoexpress.com\/cz\/wp-json\/wp\/v2\/media\/24621"}],"wp:attachment":[{"href":"https:\/\/linoexpress.com\/cz\/wp-json\/wp\/v2\/media?parent=24620"}],"wp:term":[{"taxonomy":"product_brand","embeddable":true,"href":"https:\/\/linoexpress.com\/cz\/wp-json\/wp\/v2\/product_brand?post=24620"},{"taxonomy":"product_cat","embeddable":true,"href":"https:\/\/linoexpress.com\/cz\/wp-json\/wp\/v2\/product_cat?post=24620"},{"taxonomy":"product_tag","embeddable":true,"href":"https:\/\/linoexpress.com\/cz\/wp-json\/wp\/v2\/product_tag?post=24620"}],"curies":[{"name":"wp","href":"https:\/\/api.w.org\/{rel}","templated":true}]}}