{"id":24640,"date":"2026-01-04T22:49:19","date_gmt":"2026-01-04T21:49:19","guid":{"rendered":"https:\/\/linoexpress.com\/cz\/produkt\/cat135-product\/"},"modified":"2026-03-11T00:28:26","modified_gmt":"2026-03-10T23:28:26","slug":"kocici-umelecke-puzzle-sada-135-drevenych-dilku","status":"publish","type":"product","link":"https:\/\/linoexpress.com\/cz\/produkt\/kocici-umelecke-puzzle-sada-135-drevenych-dilku\/","title":{"rendered":"Ko\u010di\u010d\u00ed um\u011bleck\u00e9 puzzle \u2013 sada 135 d\u0159ev\u011bn\u00fdch d\u00edlk\u016f"},"content":{"rendered":"","protected":false},"excerpt":{"rendered":"<p>Ko\u010di\u010d\u00ed um\u011bleck\u00e1 skl\u00e1da\u010dka ze 135 d\u0159ev\u011bn\u00fdch d\u00edlk\u016f p\u0159in\u00e1\u0161\u00ed jemn\u00e9 pastelov\u00e9 t\u00f3ny a jedine\u010dn\u00fd tvar ko\u010dky, kter\u00fd poskytuje zvl\u00e1\u0161tn\u00ed z\u00e1\u017eitek ze skl\u00e1d\u00e1n\u00ed. Ka\u017ed\u00fd d\u00edlek m\u00e1 jin\u00fd tvar, co\u017e \u010din\u00ed skl\u00e1d\u00e1n\u00ed zaj\u00edmav\u00fdm, n\u00e1ro\u010dn\u00fdm a z\u00e1rove\u0148 relaxa\u010dn\u00edm. Po sestaven\u00ed se skl\u00e1da\u010dka prom\u011bn\u00ed v dekorativn\u00ed prvek, kter\u00fd p\u0159in\u00e1\u0161\u00ed do prostoru teplo.<\/p>\n","protected":false},"featured_media":24641,"comment_status":"closed","ping_status":"closed","template":"","meta":{"inline_featured_image":false},"product_brand":[],"product_cat":[27,24,15,35],"product_tag":[],"class_list":{"0":"post-24640","1":"product","2":"type-product","3":"status-publish","4":"has-post-thumbnail","6":"product_cat-home","7":"product_cat-sale","8":"product_cat-uncategorized","9":"product_cat-fun","11":"first","12":"instock","13":"sale","14":"taxable","15":"shipping-taxable","16":"purchasable","17":"product-type-simple"},"acf":[],"_links":{"self":[{"href":"https:\/\/linoexpress.com\/cz\/wp-json\/wp\/v2\/product\/24640","targetHints":{"allow":["GET"]}}],"collection":[{"href":"https:\/\/linoexpress.com\/cz\/wp-json\/wp\/v2\/product"}],"about":[{"href":"https:\/\/linoexpress.com\/cz\/wp-json\/wp\/v2\/types\/product"}],"replies":[{"embeddable":true,"href":"https:\/\/linoexpress.com\/cz\/wp-json\/wp\/v2\/comments?post=24640"}],"wp:featuredmedia":[{"embeddable":true,"href":"https:\/\/linoexpress.com\/cz\/wp-json\/wp\/v2\/media\/24641"}],"wp:attachment":[{"href":"https:\/\/linoexpress.com\/cz\/wp-json\/wp\/v2\/media?parent=24640"}],"wp:term":[{"taxonomy":"product_brand","embeddable":true,"href":"https:\/\/linoexpress.com\/cz\/wp-json\/wp\/v2\/product_brand?post=24640"},{"taxonomy":"product_cat","embeddable":true,"href":"https:\/\/linoexpress.com\/cz\/wp-json\/wp\/v2\/product_cat?post=24640"},{"taxonomy":"product_tag","embeddable":true,"href":"https:\/\/linoexpress.com\/cz\/wp-json\/wp\/v2\/product_tag?post=24640"}],"curies":[{"name":"wp","href":"https:\/\/api.w.org\/{rel}","templated":true}]}}