{"id":24651,"date":"2026-01-05T01:35:59","date_gmt":"2026-01-05T00:35:59","guid":{"rendered":"https:\/\/linoexpress.com\/cz\/produkt\/bfly-product\/"},"modified":"2026-03-11T00:28:08","modified_gmt":"2026-03-10T23:28:08","slug":"sada-nahrdelnik-a-naramek-magicky-motyl","status":"publish","type":"product","link":"https:\/\/linoexpress.com\/cz\/produkt\/sada-nahrdelnik-a-naramek-magicky-motyl\/","title":{"rendered":"Sada n\u00e1hrdeln\u00edk a n\u00e1ramek Magick\u00fd mot\u00fdl"},"content":{"rendered":"","protected":false},"excerpt":{"rendered":"<p>Tato okouzluj\u00edc\u00ed sada obsahuje n\u00e1hrdeln\u00edk a n\u00e1ramek s modr\u00fdmi mot\u00fdly, kter\u00e9 jemn\u011b sv\u00edt\u00ed ve tm\u011b. Je ide\u00e1ln\u00ed pro zvl\u00e1\u0161tn\u00ed p\u0159\u00edle\u017eitosti nebo ka\u017edodenn\u00ed no\u0161en\u00ed, p\u0159id\u00e1vaj\u00edc\u00ed n\u00e1dech magie a elegance va\u0161emu vzhledu. Lehk\u00fd a pohodln\u00fd, nese tich\u00e9 kouzlo, kter\u00e9 nikdy nez\u016fstane bez pov\u0161imnut\u00ed.<\/p>\n","protected":false},"featured_media":24652,"comment_status":"closed","ping_status":"closed","template":"","meta":{"inline_featured_image":false},"product_brand":[],"product_cat":[27,15,35],"product_tag":[],"class_list":{"0":"post-24651","1":"product","2":"type-product","3":"status-publish","4":"has-post-thumbnail","6":"product_cat-home","7":"product_cat-uncategorized","8":"product_cat-fun","10":"first","11":"instock","12":"sale","13":"taxable","14":"shipping-taxable","15":"purchasable","16":"product-type-simple"},"acf":[],"_links":{"self":[{"href":"https:\/\/linoexpress.com\/cz\/wp-json\/wp\/v2\/product\/24651","targetHints":{"allow":["GET"]}}],"collection":[{"href":"https:\/\/linoexpress.com\/cz\/wp-json\/wp\/v2\/product"}],"about":[{"href":"https:\/\/linoexpress.com\/cz\/wp-json\/wp\/v2\/types\/product"}],"replies":[{"embeddable":true,"href":"https:\/\/linoexpress.com\/cz\/wp-json\/wp\/v2\/comments?post=24651"}],"wp:featuredmedia":[{"embeddable":true,"href":"https:\/\/linoexpress.com\/cz\/wp-json\/wp\/v2\/media\/24652"}],"wp:attachment":[{"href":"https:\/\/linoexpress.com\/cz\/wp-json\/wp\/v2\/media?parent=24651"}],"wp:term":[{"taxonomy":"product_brand","embeddable":true,"href":"https:\/\/linoexpress.com\/cz\/wp-json\/wp\/v2\/product_brand?post=24651"},{"taxonomy":"product_cat","embeddable":true,"href":"https:\/\/linoexpress.com\/cz\/wp-json\/wp\/v2\/product_cat?post=24651"},{"taxonomy":"product_tag","embeddable":true,"href":"https:\/\/linoexpress.com\/cz\/wp-json\/wp\/v2\/product_tag?post=24651"}],"curies":[{"name":"wp","href":"https:\/\/api.w.org\/{rel}","templated":true}]}}