{"id":24833,"date":"2026-01-19T11:37:35","date_gmt":"2026-01-19T10:37:35","guid":{"rendered":"https:\/\/linoexpress.com\/cz\/produkt\/batpmp-product\/"},"modified":"2026-03-11T00:27:47","modified_gmt":"2026-03-10T23:27:47","slug":"prenosna-hadice-s-pumpou","status":"publish","type":"product","link":"https:\/\/linoexpress.com\/cz\/produkt\/prenosna-hadice-s-pumpou\/","title":{"rendered":"P\u0159enosn\u00e1 hadice s pumpou"},"content":{"rendered":"","protected":false},"excerpt":{"rendered":"<p>P\u0159enosn\u00e1 bateriov\u00e1 pumpa umo\u017e\u0148uje rychl\u00e9, \u010dist\u00e9 a bezpe\u010dn\u00e9 p\u0159en\u00e1\u0161en\u00ed tekutin bez t\u011b\u017ek\u00e9ho zved\u00e1n\u00ed. Funguje na baterie a snadno se pou\u017e\u00edv\u00e1 jednou rukou, co\u017e ji \u010din\u00ed ide\u00e1ln\u00ed pro palivo, vodu a jin\u00e9 tekutiny. Je perfektn\u00ed pro dom\u00e1c\u00ed, profesion\u00e1ln\u00ed a nouzov\u00e9 pou\u017eit\u00ed.<\/p>\n","protected":false},"featured_media":24834,"comment_status":"closed","ping_status":"closed","template":"","meta":{"inline_featured_image":false},"product_brand":[],"product_cat":[25,27,15,26],"product_tag":[],"class_list":{"0":"post-24833","1":"product","2":"type-product","3":"status-publish","4":"has-post-thumbnail","6":"product_cat-car","7":"product_cat-home","8":"product_cat-uncategorized","9":"product_cat-health","11":"first","12":"instock","13":"sale","14":"taxable","15":"shipping-taxable","16":"purchasable","17":"product-type-simple"},"acf":[],"_links":{"self":[{"href":"https:\/\/linoexpress.com\/cz\/wp-json\/wp\/v2\/product\/24833","targetHints":{"allow":["GET"]}}],"collection":[{"href":"https:\/\/linoexpress.com\/cz\/wp-json\/wp\/v2\/product"}],"about":[{"href":"https:\/\/linoexpress.com\/cz\/wp-json\/wp\/v2\/types\/product"}],"replies":[{"embeddable":true,"href":"https:\/\/linoexpress.com\/cz\/wp-json\/wp\/v2\/comments?post=24833"}],"wp:featuredmedia":[{"embeddable":true,"href":"https:\/\/linoexpress.com\/cz\/wp-json\/wp\/v2\/media\/24834"}],"wp:attachment":[{"href":"https:\/\/linoexpress.com\/cz\/wp-json\/wp\/v2\/media?parent=24833"}],"wp:term":[{"taxonomy":"product_brand","embeddable":true,"href":"https:\/\/linoexpress.com\/cz\/wp-json\/wp\/v2\/product_brand?post=24833"},{"taxonomy":"product_cat","embeddable":true,"href":"https:\/\/linoexpress.com\/cz\/wp-json\/wp\/v2\/product_cat?post=24833"},{"taxonomy":"product_tag","embeddable":true,"href":"https:\/\/linoexpress.com\/cz\/wp-json\/wp\/v2\/product_tag?post=24833"}],"curies":[{"name":"wp","href":"https:\/\/api.w.org\/{rel}","templated":true}]}}