{"id":24844,"date":"2026-01-19T12:21:26","date_gmt":"2026-01-19T11:21:26","guid":{"rendered":"https:\/\/linoexpress.com\/cz\/produkt\/hood-product\/"},"modified":"2026-02-19T16:01:59","modified_gmt":"2026-02-19T15:01:59","slug":"visenamenski-snazan-ventilator","status":"publish","type":"product","link":"https:\/\/linoexpress.com\/cz\/produkt\/visenamenski-snazan-ventilator\/","title":{"rendered":"Vi\u0161enamenski sna\u017ean ventilator"},"content":{"rendered":"","protected":false},"excerpt":{"rendered":"<p>Tento multifunk\u010dn\u00ed v\u00fdfukov\u00fd ventil\u00e1tor zaji\u0161\u0165uje siln\u00fd proud vzduchu s mimo\u0159\u00e1dn\u011b tich\u00fdm provozem. Efektivn\u011b odstra\u0148uje vlhkost, pachy a kou\u0159, \u010d\u00edm\u017e zlep\u0161uje kvalitu vzduchu v ka\u017ed\u00e9m prostoru. Je ide\u00e1ln\u00ed pro kuchyn\u011b, koupelny, kancel\u00e1\u0159e a komer\u010dn\u00ed objekty.<\/p>\n","protected":false},"featured_media":24845,"comment_status":"closed","ping_status":"closed","template":"","meta":{"inline_featured_image":false},"product_brand":[],"product_cat":[27,15,35],"product_tag":[],"class_list":{"0":"post-24844","1":"product","2":"type-product","3":"status-publish","4":"has-post-thumbnail","6":"product_cat-home","7":"product_cat-uncategorized","8":"product_cat-fun","10":"first","11":"instock","12":"sale","13":"taxable","14":"shipping-taxable","15":"purchasable","16":"product-type-simple"},"acf":[],"_links":{"self":[{"href":"https:\/\/linoexpress.com\/cz\/wp-json\/wp\/v2\/product\/24844","targetHints":{"allow":["GET"]}}],"collection":[{"href":"https:\/\/linoexpress.com\/cz\/wp-json\/wp\/v2\/product"}],"about":[{"href":"https:\/\/linoexpress.com\/cz\/wp-json\/wp\/v2\/types\/product"}],"replies":[{"embeddable":true,"href":"https:\/\/linoexpress.com\/cz\/wp-json\/wp\/v2\/comments?post=24844"}],"wp:featuredmedia":[{"embeddable":true,"href":"https:\/\/linoexpress.com\/cz\/wp-json\/wp\/v2\/media\/24845"}],"wp:attachment":[{"href":"https:\/\/linoexpress.com\/cz\/wp-json\/wp\/v2\/media?parent=24844"}],"wp:term":[{"taxonomy":"product_brand","embeddable":true,"href":"https:\/\/linoexpress.com\/cz\/wp-json\/wp\/v2\/product_brand?post=24844"},{"taxonomy":"product_cat","embeddable":true,"href":"https:\/\/linoexpress.com\/cz\/wp-json\/wp\/v2\/product_cat?post=24844"},{"taxonomy":"product_tag","embeddable":true,"href":"https:\/\/linoexpress.com\/cz\/wp-json\/wp\/v2\/product_tag?post=24844"}],"curies":[{"name":"wp","href":"https:\/\/api.w.org\/{rel}","templated":true}]}}