{"id":24865,"date":"2026-01-19T21:27:15","date_gmt":"2026-01-19T20:27:15","guid":{"rendered":"https:\/\/linoexpress.com\/cz\/produkt\/pants-product\/"},"modified":"2026-03-11T00:26:39","modified_gmt":"2026-03-10T23:26:39","slug":"blazniva-zahradni-hra-granny-pants","status":"publish","type":"product","link":"https:\/\/linoexpress.com\/cz\/produkt\/blazniva-zahradni-hra-granny-pants\/","title":{"rendered":"Bl\u00e1zniv\u00e1 zahradn\u00ed hra &#8211; Granny Pants"},"content":{"rendered":"","protected":false},"excerpt":{"rendered":"<p>Vstupte do nezapomenuteln\u00e9 z\u00e1bavy s Granny Pants, bl\u00e1znivou dvorn\u00ed hrou, kter\u00e1 zaru\u010duje sm\u00edch, pohyb a setk\u00e1n\u00ed pro celou rodinu a p\u0159\u00e1tele. Je ide\u00e1ln\u00ed pro dvory, grilov\u00e1n\u00ed, narozeniny, \u0161koln\u00ed aktivity a teambuildingov\u00e9 akce. Snadno se nastavuje, univerz\u00e1ln\u00ed velikost a p\u0159izp\u016fsoben\u00e1 v\u0161em v\u011bkov\u00fdm kategori\u00edm, rychle se st\u00e1v\u00e1 hlavn\u00ed atrakc\u00ed ka\u017ed\u00e9ho setk\u00e1n\u00ed.<\/p>\n","protected":false},"featured_media":24866,"comment_status":"closed","ping_status":"closed","template":"","meta":{"inline_featured_image":false},"product_brand":[],"product_cat":[27,24,15,35],"product_tag":[],"class_list":{"0":"post-24865","1":"product","2":"type-product","3":"status-publish","4":"has-post-thumbnail","6":"product_cat-home","7":"product_cat-sale","8":"product_cat-uncategorized","9":"product_cat-fun","11":"first","12":"instock","13":"sale","14":"taxable","15":"shipping-taxable","16":"purchasable","17":"product-type-simple"},"acf":[],"_links":{"self":[{"href":"https:\/\/linoexpress.com\/cz\/wp-json\/wp\/v2\/product\/24865","targetHints":{"allow":["GET"]}}],"collection":[{"href":"https:\/\/linoexpress.com\/cz\/wp-json\/wp\/v2\/product"}],"about":[{"href":"https:\/\/linoexpress.com\/cz\/wp-json\/wp\/v2\/types\/product"}],"replies":[{"embeddable":true,"href":"https:\/\/linoexpress.com\/cz\/wp-json\/wp\/v2\/comments?post=24865"}],"wp:featuredmedia":[{"embeddable":true,"href":"https:\/\/linoexpress.com\/cz\/wp-json\/wp\/v2\/media\/24866"}],"wp:attachment":[{"href":"https:\/\/linoexpress.com\/cz\/wp-json\/wp\/v2\/media?parent=24865"}],"wp:term":[{"taxonomy":"product_brand","embeddable":true,"href":"https:\/\/linoexpress.com\/cz\/wp-json\/wp\/v2\/product_brand?post=24865"},{"taxonomy":"product_cat","embeddable":true,"href":"https:\/\/linoexpress.com\/cz\/wp-json\/wp\/v2\/product_cat?post=24865"},{"taxonomy":"product_tag","embeddable":true,"href":"https:\/\/linoexpress.com\/cz\/wp-json\/wp\/v2\/product_tag?post=24865"}],"curies":[{"name":"wp","href":"https:\/\/api.w.org\/{rel}","templated":true}]}}