{"id":24880,"date":"2026-01-20T00:32:53","date_gmt":"2026-01-19T23:32:53","guid":{"rendered":"https:\/\/linoexpress.com\/cz\/produkt\/bref-product\/"},"modified":"2026-03-11T00:26:29","modified_gmt":"2026-03-10T23:26:29","slug":"reflexni-micek-pro-trenink-rychlosti-a-koordinace","status":"publish","type":"product","link":"https:\/\/linoexpress.com\/cz\/produkt\/reflexni-micek-pro-trenink-rychlosti-a-koordinace\/","title":{"rendered":"Reflexn\u00ed m\u00ed\u010dek pro tr\u00e9nink rychlosti a koordinace"},"content":{"rendered":"","protected":false},"excerpt":{"rendered":"<p>Reflexn\u00ed boxovac\u00ed m\u00ed\u010dek je praktick\u00e1 tr\u00e9ninkov\u00e1 pom\u016fcka pro zlep\u0161en\u00ed rychlosti, soust\u0159ed\u011bn\u00ed a koordinace ruka &#8211; oko. Je ide\u00e1ln\u00ed pro boxery, sportovce a rekrea\u010dn\u00ed sportovce v\u0161ech v\u011bkov\u00fdch kategori\u00ed, stejn\u011b jako pro dom\u00e1c\u00ed cvi\u010den\u00ed. Lehk\u00fd, nastaviteln\u00fd a snadno pou\u017eiteln\u00fd, umo\u017e\u0148uje efektivn\u00ed tr\u00e9nink kdekoli se nach\u00e1z\u00edte.<\/p>\n","protected":false},"featured_media":24881,"comment_status":"closed","ping_status":"closed","template":"","meta":{"inline_featured_image":false},"product_brand":[],"product_cat":[27,24,15,35],"product_tag":[],"class_list":{"0":"post-24880","1":"product","2":"type-product","3":"status-publish","4":"has-post-thumbnail","6":"product_cat-home","7":"product_cat-sale","8":"product_cat-uncategorized","9":"product_cat-fun","11":"first","12":"instock","13":"sale","14":"taxable","15":"shipping-taxable","16":"purchasable","17":"product-type-simple"},"acf":[],"_links":{"self":[{"href":"https:\/\/linoexpress.com\/cz\/wp-json\/wp\/v2\/product\/24880","targetHints":{"allow":["GET"]}}],"collection":[{"href":"https:\/\/linoexpress.com\/cz\/wp-json\/wp\/v2\/product"}],"about":[{"href":"https:\/\/linoexpress.com\/cz\/wp-json\/wp\/v2\/types\/product"}],"replies":[{"embeddable":true,"href":"https:\/\/linoexpress.com\/cz\/wp-json\/wp\/v2\/comments?post=24880"}],"wp:featuredmedia":[{"embeddable":true,"href":"https:\/\/linoexpress.com\/cz\/wp-json\/wp\/v2\/media\/24881"}],"wp:attachment":[{"href":"https:\/\/linoexpress.com\/cz\/wp-json\/wp\/v2\/media?parent=24880"}],"wp:term":[{"taxonomy":"product_brand","embeddable":true,"href":"https:\/\/linoexpress.com\/cz\/wp-json\/wp\/v2\/product_brand?post=24880"},{"taxonomy":"product_cat","embeddable":true,"href":"https:\/\/linoexpress.com\/cz\/wp-json\/wp\/v2\/product_cat?post=24880"},{"taxonomy":"product_tag","embeddable":true,"href":"https:\/\/linoexpress.com\/cz\/wp-json\/wp\/v2\/product_tag?post=24880"}],"curies":[{"name":"wp","href":"https:\/\/api.w.org\/{rel}","templated":true}]}}