{"id":24907,"date":"2026-01-21T21:27:03","date_gmt":"2026-01-21T20:27:03","guid":{"rendered":"https:\/\/linoexpress.com\/cz\/produkt\/catty-product\/"},"modified":"2026-04-18T11:34:41","modified_gmt":"2026-04-18T09:34:41","slug":"roztomila-roboticka-kocka-interaktivni-mazlicek","status":"publish","type":"product","link":"https:\/\/linoexpress.com\/cz\/produkt\/roztomila-roboticka-kocka-interaktivni-mazlicek\/","title":{"rendered":"Roztomil\u00e1 robotick\u00e1 ko\u010dka &#8211; Interaktivn\u00ed mazl\u00ed\u010dek"},"content":{"rendered":"","protected":false},"excerpt":{"rendered":"<p>Tato realistick\u00e1 robotick\u00e1 ko\u010dka chod\u00ed, m\u0148ouk\u00e1 a p\u0159ede jako skute\u010dn\u00e1, poskytuj\u00edc\u00ed d\u011btem pocit opravdov\u00e9ho dom\u00e1c\u00edho mazl\u00ed\u010dka. Je vyrobena z m\u011bkk\u00e9ho, p\u0159\u00edjemn\u00e9ho materi\u00e1lu, kter\u00fd je bezpe\u010dn\u00fd pro hran\u00ed a mazlen\u00ed. Je ide\u00e1ln\u00ed pro rozvoj p\u0159edstavivosti, spole\u010densk\u00e9 aktivity a dlouhodobou z\u00e1bavu bez povinnost\u00ed p\u00e9\u010de o skute\u010dn\u00e9 zv\u00ed\u0159e.<\/p>\n","protected":false},"featured_media":24908,"comment_status":"closed","ping_status":"closed","template":"","meta":{"inline_featured_image":false},"product_brand":[],"product_cat":[27,15,35],"product_tag":[],"class_list":{"0":"post-24907","1":"product","2":"type-product","3":"status-publish","4":"has-post-thumbnail","6":"product_cat-home","7":"product_cat-uncategorized","8":"product_cat-fun","10":"first","11":"instock","12":"sale","13":"taxable","14":"shipping-taxable","15":"purchasable","16":"product-type-simple"},"acf":[],"_links":{"self":[{"href":"https:\/\/linoexpress.com\/cz\/wp-json\/wp\/v2\/product\/24907","targetHints":{"allow":["GET"]}}],"collection":[{"href":"https:\/\/linoexpress.com\/cz\/wp-json\/wp\/v2\/product"}],"about":[{"href":"https:\/\/linoexpress.com\/cz\/wp-json\/wp\/v2\/types\/product"}],"replies":[{"embeddable":true,"href":"https:\/\/linoexpress.com\/cz\/wp-json\/wp\/v2\/comments?post=24907"}],"wp:featuredmedia":[{"embeddable":true,"href":"https:\/\/linoexpress.com\/cz\/wp-json\/wp\/v2\/media\/24908"}],"wp:attachment":[{"href":"https:\/\/linoexpress.com\/cz\/wp-json\/wp\/v2\/media?parent=24907"}],"wp:term":[{"taxonomy":"product_brand","embeddable":true,"href":"https:\/\/linoexpress.com\/cz\/wp-json\/wp\/v2\/product_brand?post=24907"},{"taxonomy":"product_cat","embeddable":true,"href":"https:\/\/linoexpress.com\/cz\/wp-json\/wp\/v2\/product_cat?post=24907"},{"taxonomy":"product_tag","embeddable":true,"href":"https:\/\/linoexpress.com\/cz\/wp-json\/wp\/v2\/product_tag?post=24907"}],"curies":[{"name":"wp","href":"https:\/\/api.w.org\/{rel}","templated":true}]}}