{"id":25146,"date":"2026-02-04T10:11:46","date_gmt":"2026-02-04T09:11:46","guid":{"rendered":"https:\/\/linoexpress.com\/cz\/produkt\/rfid-product\/"},"modified":"2026-03-11T00:25:34","modified_gmt":"2026-03-10T23:25:34","slug":"nocni-stolek-se-skrytym-bezpecnostnim-prostorem","status":"publish","type":"product","link":"https:\/\/linoexpress.com\/cz\/produkt\/nocni-stolek-se-skrytym-bezpecnostnim-prostorem\/","title":{"rendered":"No\u010dn\u00ed stolek se skryt\u00fdm bezpe\u010dnostn\u00edm prostorem"},"content":{"rendered":"","protected":false},"excerpt":{"rendered":"<p>Tento no\u010dn\u00ed stolek p\u0159in\u00e1\u0161\u00ed dokonalou kombinaci elegance a diskr\u00e9tn\u00ed ochrany do va\u0161eho domova. Za jednoduch\u00fdm, modern\u00edm vzhledem se skr\u00fdv\u00e1 chyt\u0159e skryt\u00fd prostor s RFID z\u00e1mkem, ur\u010den\u00fd pro bezpe\u010dn\u00e9 ulo\u017een\u00ed cennost\u00ed. Je ide\u00e1ln\u00ed pro v\u0161echny, kte\u0159\u00ed cht\u011bj\u00ed m\u00edt uklizen\u00fd prostor, ale tak\u00e9 pocit v\u011bt\u0161\u00edho bezpe\u010d\u00ed.<\/p>\n","protected":false},"featured_media":25148,"comment_status":"closed","ping_status":"closed","template":"","meta":{"inline_featured_image":false},"product_brand":[],"product_cat":[27,24,15,35],"product_tag":[],"class_list":{"0":"post-25146","1":"product","2":"type-product","3":"status-publish","4":"has-post-thumbnail","6":"product_cat-home","7":"product_cat-sale","8":"product_cat-uncategorized","9":"product_cat-fun","11":"first","12":"instock","13":"sale","14":"taxable","15":"shipping-taxable","16":"purchasable","17":"product-type-simple"},"acf":[],"_links":{"self":[{"href":"https:\/\/linoexpress.com\/cz\/wp-json\/wp\/v2\/product\/25146","targetHints":{"allow":["GET"]}}],"collection":[{"href":"https:\/\/linoexpress.com\/cz\/wp-json\/wp\/v2\/product"}],"about":[{"href":"https:\/\/linoexpress.com\/cz\/wp-json\/wp\/v2\/types\/product"}],"replies":[{"embeddable":true,"href":"https:\/\/linoexpress.com\/cz\/wp-json\/wp\/v2\/comments?post=25146"}],"wp:featuredmedia":[{"embeddable":true,"href":"https:\/\/linoexpress.com\/cz\/wp-json\/wp\/v2\/media\/25148"}],"wp:attachment":[{"href":"https:\/\/linoexpress.com\/cz\/wp-json\/wp\/v2\/media?parent=25146"}],"wp:term":[{"taxonomy":"product_brand","embeddable":true,"href":"https:\/\/linoexpress.com\/cz\/wp-json\/wp\/v2\/product_brand?post=25146"},{"taxonomy":"product_cat","embeddable":true,"href":"https:\/\/linoexpress.com\/cz\/wp-json\/wp\/v2\/product_cat?post=25146"},{"taxonomy":"product_tag","embeddable":true,"href":"https:\/\/linoexpress.com\/cz\/wp-json\/wp\/v2\/product_tag?post=25146"}],"curies":[{"name":"wp","href":"https:\/\/api.w.org\/{rel}","templated":true}]}}