{"id":25175,"date":"2026-02-05T19:45:04","date_gmt":"2026-02-05T18:45:04","guid":{"rendered":"https:\/\/linoexpress.com\/cz\/produkt\/matgnd-product\/"},"modified":"2026-02-19T16:01:24","modified_gmt":"2026-02-19T15:01:24","slug":"podlozka-pro-uzemneni","status":"publish","type":"product","link":"https:\/\/linoexpress.com\/cz\/produkt\/podlozka-pro-uzemneni\/","title":{"rendered":"Podlo\u017eka pro uzemn\u011bn\u00ed"},"content":{"rendered":"","protected":false},"excerpt":{"rendered":"<p>Uzem\u0148ovac\u00ed podlo\u017eka umo\u017e\u0148uje p\u0159irozen\u00e9 propojen\u00ed t\u011bla se zem\u00ed a obnoven\u00ed elektrick\u00e9 rovnov\u00e1hy organismu. Pravideln\u00e9 pou\u017e\u00edv\u00e1n\u00ed m\u016f\u017ee p\u0159isp\u011bt k lep\u0161\u00edmu sp\u00e1nku, sn\u00ed\u017een\u00ed stresu a zm\u00edrn\u011bn\u00ed bolesti sval\u016f a kloub\u016f. Je snadn\u00e1 na pou\u017eit\u00ed a vhodn\u00e1 pro domov, kancel\u00e1\u0159 nebo dovolenou.<\/p>\n","protected":false},"featured_media":25177,"comment_status":"closed","ping_status":"closed","template":"","meta":{"inline_featured_image":false},"product_brand":[],"product_cat":[27,28,24,15,35],"product_tag":[],"class_list":{"0":"post-25175","1":"product","2":"type-product","3":"status-publish","4":"has-post-thumbnail","6":"product_cat-home","7":"product_cat-beauty","8":"product_cat-sale","9":"product_cat-uncategorized","10":"product_cat-fun","12":"first","13":"instock","14":"sale","15":"taxable","16":"shipping-taxable","17":"purchasable","18":"product-type-simple"},"acf":[],"_links":{"self":[{"href":"https:\/\/linoexpress.com\/cz\/wp-json\/wp\/v2\/product\/25175","targetHints":{"allow":["GET"]}}],"collection":[{"href":"https:\/\/linoexpress.com\/cz\/wp-json\/wp\/v2\/product"}],"about":[{"href":"https:\/\/linoexpress.com\/cz\/wp-json\/wp\/v2\/types\/product"}],"replies":[{"embeddable":true,"href":"https:\/\/linoexpress.com\/cz\/wp-json\/wp\/v2\/comments?post=25175"}],"wp:featuredmedia":[{"embeddable":true,"href":"https:\/\/linoexpress.com\/cz\/wp-json\/wp\/v2\/media\/25177"}],"wp:attachment":[{"href":"https:\/\/linoexpress.com\/cz\/wp-json\/wp\/v2\/media?parent=25175"}],"wp:term":[{"taxonomy":"product_brand","embeddable":true,"href":"https:\/\/linoexpress.com\/cz\/wp-json\/wp\/v2\/product_brand?post=25175"},{"taxonomy":"product_cat","embeddable":true,"href":"https:\/\/linoexpress.com\/cz\/wp-json\/wp\/v2\/product_cat?post=25175"},{"taxonomy":"product_tag","embeddable":true,"href":"https:\/\/linoexpress.com\/cz\/wp-json\/wp\/v2\/product_tag?post=25175"}],"curies":[{"name":"wp","href":"https:\/\/api.w.org\/{rel}","templated":true}]}}