{"id":25196,"date":"2026-02-05T20:39:00","date_gmt":"2026-02-05T19:39:00","guid":{"rendered":"https:\/\/linoexpress.com\/cz\/produkt\/strap-product\/"},"modified":"2026-03-11T00:23:49","modified_gmt":"2026-03-10T23:23:49","slug":"pasky-na-zvedani-cinek-s-hacky-na-zapesti","status":"publish","type":"product","link":"https:\/\/linoexpress.com\/cz\/produkt\/pasky-na-zvedani-cinek-s-hacky-na-zapesti\/","title":{"rendered":"P\u00e1sky na zved\u00e1n\u00ed \u010dinek s h\u00e1\u010dky na z\u00e1p\u011bst\u00ed"},"content":{"rendered":"","protected":false},"excerpt":{"rendered":"<p>Popruhy na zved\u00e1n\u00ed \u010dinek poskytuj\u00ed silnou a stabiln\u00ed podporu b\u011bhem cvi\u010den\u00ed s v\u011bt\u0161\u00edm zat\u00ed\u017een\u00edm. Pom\u00e1haj\u00ed p\u0159i bezpe\u010dn\u011bj\u0161\u00edm prov\u00e1d\u011bn\u00ed pohyb\u016f a sni\u017euj\u00ed zat\u00ed\u017een\u00ed rukou a z\u00e1p\u011bst\u00ed. Jsou ur\u010deny pro v\u0161echny, kte\u0159\u00ed cht\u011bj\u00ed lep\u0161\u00ed kontrolu, siln\u011bj\u0161\u00ed \u00fachop a efektivn\u011bj\u0161\u00ed tr\u00e9nink.<\/p>\n","protected":false},"featured_media":25197,"comment_status":"closed","ping_status":"closed","template":"","meta":{"inline_featured_image":false},"product_brand":[],"product_cat":[24,15,35,26],"product_tag":[],"class_list":{"0":"post-25196","1":"product","2":"type-product","3":"status-publish","4":"has-post-thumbnail","6":"product_cat-sale","7":"product_cat-uncategorized","8":"product_cat-fun","9":"product_cat-health","11":"first","12":"instock","13":"sale","14":"taxable","15":"shipping-taxable","16":"purchasable","17":"product-type-simple"},"acf":[],"_links":{"self":[{"href":"https:\/\/linoexpress.com\/cz\/wp-json\/wp\/v2\/product\/25196","targetHints":{"allow":["GET"]}}],"collection":[{"href":"https:\/\/linoexpress.com\/cz\/wp-json\/wp\/v2\/product"}],"about":[{"href":"https:\/\/linoexpress.com\/cz\/wp-json\/wp\/v2\/types\/product"}],"replies":[{"embeddable":true,"href":"https:\/\/linoexpress.com\/cz\/wp-json\/wp\/v2\/comments?post=25196"}],"wp:featuredmedia":[{"embeddable":true,"href":"https:\/\/linoexpress.com\/cz\/wp-json\/wp\/v2\/media\/25197"}],"wp:attachment":[{"href":"https:\/\/linoexpress.com\/cz\/wp-json\/wp\/v2\/media?parent=25196"}],"wp:term":[{"taxonomy":"product_brand","embeddable":true,"href":"https:\/\/linoexpress.com\/cz\/wp-json\/wp\/v2\/product_brand?post=25196"},{"taxonomy":"product_cat","embeddable":true,"href":"https:\/\/linoexpress.com\/cz\/wp-json\/wp\/v2\/product_cat?post=25196"},{"taxonomy":"product_tag","embeddable":true,"href":"https:\/\/linoexpress.com\/cz\/wp-json\/wp\/v2\/product_tag?post=25196"}],"curies":[{"name":"wp","href":"https:\/\/api.w.org\/{rel}","templated":true}]}}