{"id":25323,"date":"2026-02-13T08:22:26","date_gmt":"2026-02-13T07:22:26","guid":{"rendered":"https:\/\/linoexpress.com\/cz\/produkt\/shaver-product\/"},"modified":"2026-03-11T00:23:32","modified_gmt":"2026-03-10T23:23:32","slug":"mini-elektricky-holici-strojek-pro-presne-a-rychle-holeni","status":"publish","type":"product","link":"https:\/\/linoexpress.com\/cz\/produkt\/mini-elektricky-holici-strojek-pro-presne-a-rychle-holeni\/","title":{"rendered":"Mini elektrick\u00fd holic\u00ed strojek pro p\u0159esn\u00e9 a rychl\u00e9 holen\u00ed"},"content":{"rendered":"","protected":false},"excerpt":{"rendered":"<p>Mini elektrick\u00fd holic\u00ed strojek umo\u017e\u0148uje rychl\u00e9, \u010dist\u00e9 a rovnom\u011brn\u00e9 holen\u00ed bez podr\u00e1\u017ed\u011bn\u00ed poko\u017eky. D\u00edky siln\u00e9mu motoru a p\u0159esn\u00fdm \u010depel\u00edm odstra\u0148uje chloupky snadno a bez tah\u00e1n\u00ed. Je ide\u00e1ln\u00ed pro ka\u017edodenn\u00ed udr\u017eov\u00e1n\u00ed upraven\u00e9ho vzhledu doma nebo na cest\u00e1ch.<\/p>\n","protected":false},"featured_media":25324,"comment_status":"closed","ping_status":"closed","template":"","meta":{"inline_featured_image":false},"product_brand":[],"product_cat":[28,24,15,35],"product_tag":[],"class_list":{"0":"post-25323","1":"product","2":"type-product","3":"status-publish","4":"has-post-thumbnail","6":"product_cat-beauty","7":"product_cat-sale","8":"product_cat-uncategorized","9":"product_cat-fun","11":"first","12":"instock","13":"sale","14":"taxable","15":"shipping-taxable","16":"purchasable","17":"product-type-simple"},"acf":[],"_links":{"self":[{"href":"https:\/\/linoexpress.com\/cz\/wp-json\/wp\/v2\/product\/25323","targetHints":{"allow":["GET"]}}],"collection":[{"href":"https:\/\/linoexpress.com\/cz\/wp-json\/wp\/v2\/product"}],"about":[{"href":"https:\/\/linoexpress.com\/cz\/wp-json\/wp\/v2\/types\/product"}],"replies":[{"embeddable":true,"href":"https:\/\/linoexpress.com\/cz\/wp-json\/wp\/v2\/comments?post=25323"}],"wp:featuredmedia":[{"embeddable":true,"href":"https:\/\/linoexpress.com\/cz\/wp-json\/wp\/v2\/media\/25324"}],"wp:attachment":[{"href":"https:\/\/linoexpress.com\/cz\/wp-json\/wp\/v2\/media?parent=25323"}],"wp:term":[{"taxonomy":"product_brand","embeddable":true,"href":"https:\/\/linoexpress.com\/cz\/wp-json\/wp\/v2\/product_brand?post=25323"},{"taxonomy":"product_cat","embeddable":true,"href":"https:\/\/linoexpress.com\/cz\/wp-json\/wp\/v2\/product_cat?post=25323"},{"taxonomy":"product_tag","embeddable":true,"href":"https:\/\/linoexpress.com\/cz\/wp-json\/wp\/v2\/product_tag?post=25323"}],"curies":[{"name":"wp","href":"https:\/\/api.w.org\/{rel}","templated":true}]}}