{"id":25645,"date":"2026-03-16T11:19:56","date_gmt":"2026-03-16T10:19:56","guid":{"rendered":"https:\/\/linoexpress.com\/cz\/produkt\/catty-puppy-product\/"},"modified":"2026-03-16T11:41:54","modified_gmt":"2026-03-16T10:41:54","slug":"chytry-interaktivni-mazlicek-pro-deti-pes-nebo-kocka","status":"publish","type":"product","link":"https:\/\/linoexpress.com\/cz\/produkt\/chytry-interaktivni-mazlicek-pro-deti-pes-nebo-kocka\/","title":{"rendered":"Chytr\u00fd interaktivn\u00ed mazl\u00ed\u010dek pro d\u011bti &#8211; Pes nebo Ko\u010dka"},"content":{"rendered":"","protected":false},"excerpt":{"rendered":"<p>Interaktivn\u00ed ply\u0161ov\u00fd mazl\u00ed\u010dek p\u0159in\u00e1\u0161\u00ed d\u011btem z\u00e1bavnou a zaj\u00edmavou hru prost\u0159ednictv\u00edm pohyb\u016f a zvuk\u016f. M\u011bkk\u00fd materi\u00e1l a sympatick\u00fd design z n\u011bj \u010din\u00ed dokonal\u00e9ho p\u0159\u00edtele pro ka\u017edodenn\u00ed setk\u00e1v\u00e1n\u00ed a hru. Je dostupn\u00fd ve variant\u011b psa nebo ko\u010dky, tak\u017ee si ka\u017ed\u00e9 d\u00edt\u011b m\u016f\u017ee vybrat sv\u00e9ho obl\u00edben\u00e9ho mazl\u00ed\u010dka.<\/p>\n","protected":false},"featured_media":25646,"comment_status":"closed","ping_status":"closed","template":"","meta":{"inline_featured_image":false},"product_brand":[],"product_cat":[27,24,15,35],"product_tag":[],"class_list":{"0":"post-25645","1":"product","2":"type-product","3":"status-publish","4":"has-post-thumbnail","6":"product_cat-home","7":"product_cat-sale","8":"product_cat-uncategorized","9":"product_cat-fun","11":"first","12":"instock","13":"sale","14":"taxable","15":"shipping-taxable","16":"purchasable","17":"product-type-variable"},"acf":[],"_links":{"self":[{"href":"https:\/\/linoexpress.com\/cz\/wp-json\/wp\/v2\/product\/25645","targetHints":{"allow":["GET"]}}],"collection":[{"href":"https:\/\/linoexpress.com\/cz\/wp-json\/wp\/v2\/product"}],"about":[{"href":"https:\/\/linoexpress.com\/cz\/wp-json\/wp\/v2\/types\/product"}],"replies":[{"embeddable":true,"href":"https:\/\/linoexpress.com\/cz\/wp-json\/wp\/v2\/comments?post=25645"}],"wp:featuredmedia":[{"embeddable":true,"href":"https:\/\/linoexpress.com\/cz\/wp-json\/wp\/v2\/media\/25646"}],"wp:attachment":[{"href":"https:\/\/linoexpress.com\/cz\/wp-json\/wp\/v2\/media?parent=25645"}],"wp:term":[{"taxonomy":"product_brand","embeddable":true,"href":"https:\/\/linoexpress.com\/cz\/wp-json\/wp\/v2\/product_brand?post=25645"},{"taxonomy":"product_cat","embeddable":true,"href":"https:\/\/linoexpress.com\/cz\/wp-json\/wp\/v2\/product_cat?post=25645"},{"taxonomy":"product_tag","embeddable":true,"href":"https:\/\/linoexpress.com\/cz\/wp-json\/wp\/v2\/product_tag?post=25645"}],"curies":[{"name":"wp","href":"https:\/\/api.w.org\/{rel}","templated":true}]}}