{"id":25706,"date":"2026-03-27T09:26:54","date_gmt":"2026-03-27T08:26:54","guid":{"rendered":"https:\/\/linoexpress.com\/cz\/produkt\/reflexpro-product\/"},"modified":"2026-04-06T12:56:39","modified_gmt":"2026-04-06T10:56:39","slug":"reflexni-pytel-pro-trenink-rychlosti-a-sily","status":"publish","type":"product","link":"https:\/\/linoexpress.com\/cz\/produkt\/reflexni-pytel-pro-trenink-rychlosti-a-sily\/","title":{"rendered":"Reflexn\u00ed pytel pro tr\u00e9nink rychlosti a s\u00edly"},"content":{"rendered":"","protected":false},"excerpt":{"rendered":"<p>Zlep\u0161ete sv\u00e9 reflexy, rychlost a koordinaci s inovativn\u00edm reflexn\u00edm pytlem navr\u017een\u00fdm pro maxim\u00e1ln\u00ed v\u00fdkon. D\u00edky stabiln\u00ed vakuov\u00e9 z\u00e1kladn\u011b a chytr\u00e9mu designu umo\u017e\u0148uje intenzivn\u00ed tr\u00e9nink bez pohybu a hluku. Je ide\u00e1ln\u00ed pro dom\u00e1c\u00ed pou\u017eit\u00ed, do posilovny a pro v\u0161echny \u00farovn\u011b u\u017eivatel\u016f, od za\u010d\u00e1te\u010dn\u00edk\u016f po profesion\u00e1ly.<\/p>\n","protected":false},"featured_media":25707,"comment_status":"closed","ping_status":"closed","template":"","meta":{"inline_featured_image":false},"product_brand":[],"product_cat":[27,24,15,35],"product_tag":[],"class_list":{"0":"post-25706","1":"product","2":"type-product","3":"status-publish","4":"has-post-thumbnail","6":"product_cat-home","7":"product_cat-sale","8":"product_cat-uncategorized","9":"product_cat-fun","11":"first","12":"instock","13":"sale","14":"taxable","15":"shipping-taxable","16":"purchasable","17":"product-type-simple"},"acf":[],"_links":{"self":[{"href":"https:\/\/linoexpress.com\/cz\/wp-json\/wp\/v2\/product\/25706","targetHints":{"allow":["GET"]}}],"collection":[{"href":"https:\/\/linoexpress.com\/cz\/wp-json\/wp\/v2\/product"}],"about":[{"href":"https:\/\/linoexpress.com\/cz\/wp-json\/wp\/v2\/types\/product"}],"replies":[{"embeddable":true,"href":"https:\/\/linoexpress.com\/cz\/wp-json\/wp\/v2\/comments?post=25706"}],"wp:featuredmedia":[{"embeddable":true,"href":"https:\/\/linoexpress.com\/cz\/wp-json\/wp\/v2\/media\/25707"}],"wp:attachment":[{"href":"https:\/\/linoexpress.com\/cz\/wp-json\/wp\/v2\/media?parent=25706"}],"wp:term":[{"taxonomy":"product_brand","embeddable":true,"href":"https:\/\/linoexpress.com\/cz\/wp-json\/wp\/v2\/product_brand?post=25706"},{"taxonomy":"product_cat","embeddable":true,"href":"https:\/\/linoexpress.com\/cz\/wp-json\/wp\/v2\/product_cat?post=25706"},{"taxonomy":"product_tag","embeddable":true,"href":"https:\/\/linoexpress.com\/cz\/wp-json\/wp\/v2\/product_tag?post=25706"}],"curies":[{"name":"wp","href":"https:\/\/api.w.org\/{rel}","templated":true}]}}