{"id":25989,"date":"2026-04-24T02:09:37","date_gmt":"2026-04-24T00:09:37","guid":{"rendered":"https:\/\/linoexpress.com\/cz\/produkt\/magicshelf-product\/"},"modified":"2026-04-28T09:47:32","modified_gmt":"2026-04-28T07:47:32","slug":"diskretni-bezpecnostni-police","status":"publish","type":"product","link":"https:\/\/linoexpress.com\/cz\/produkt\/diskretni-bezpecnostni-police\/","title":{"rendered":"Diskr\u00e9tn\u00ed bezpe\u010dnostn\u00ed police"},"content":{"rendered":"","protected":false},"excerpt":{"rendered":"<p>Diskr\u00e9tn\u011b skryjte sv\u00e9 cennosti na m\u00edst\u011b, kde je nikdo neo\u010dek\u00e1v\u00e1 \u2013 v elegantn\u00ed n\u00e1st\u011bnn\u00e9 polici. Spojen\u00ed prakti\u010dnosti a bezpe\u010dnosti v\u00e1m umo\u017e\u0148uje organizovat prostor a z\u00e1rove\u0148 chr\u00e1nit to, co je pro v\u00e1s nejd\u016fle\u017eit\u011bj\u0161\u00ed. Modern\u00ed design se hod\u00ed do ka\u017ed\u00e9ho interi\u00e9ru a zanech\u00e1v\u00e1 dojem luxusu a chytr\u00e9ho \u0159e\u0161en\u00ed.<\/p>\n","protected":false},"featured_media":25992,"comment_status":"closed","ping_status":"closed","template":"","meta":{"inline_featured_image":false},"product_brand":[],"product_cat":[27,24,15,35],"product_tag":[],"class_list":{"0":"post-25989","1":"product","2":"type-product","3":"status-publish","4":"has-post-thumbnail","6":"product_cat-home","7":"product_cat-sale","8":"product_cat-uncategorized","9":"product_cat-fun","11":"first","12":"instock","13":"sale","14":"taxable","15":"shipping-taxable","16":"purchasable","17":"product-type-simple"},"acf":[],"_links":{"self":[{"href":"https:\/\/linoexpress.com\/cz\/wp-json\/wp\/v2\/product\/25989","targetHints":{"allow":["GET"]}}],"collection":[{"href":"https:\/\/linoexpress.com\/cz\/wp-json\/wp\/v2\/product"}],"about":[{"href":"https:\/\/linoexpress.com\/cz\/wp-json\/wp\/v2\/types\/product"}],"replies":[{"embeddable":true,"href":"https:\/\/linoexpress.com\/cz\/wp-json\/wp\/v2\/comments?post=25989"}],"wp:featuredmedia":[{"embeddable":true,"href":"https:\/\/linoexpress.com\/cz\/wp-json\/wp\/v2\/media\/25992"}],"wp:attachment":[{"href":"https:\/\/linoexpress.com\/cz\/wp-json\/wp\/v2\/media?parent=25989"}],"wp:term":[{"taxonomy":"product_brand","embeddable":true,"href":"https:\/\/linoexpress.com\/cz\/wp-json\/wp\/v2\/product_brand?post=25989"},{"taxonomy":"product_cat","embeddable":true,"href":"https:\/\/linoexpress.com\/cz\/wp-json\/wp\/v2\/product_cat?post=25989"},{"taxonomy":"product_tag","embeddable":true,"href":"https:\/\/linoexpress.com\/cz\/wp-json\/wp\/v2\/product_tag?post=25989"}],"curies":[{"name":"wp","href":"https:\/\/api.w.org\/{rel}","templated":true}]}}