{"id":26012,"date":"2026-04-24T15:11:22","date_gmt":"2026-04-24T13:11:22","guid":{"rendered":"https:\/\/linoexpress.com\/cz\/produkt\/vac60-product\/"},"modified":"2026-05-01T13:56:09","modified_gmt":"2026-05-01T11:56:09","slug":"rucni-turbo-cistic","status":"publish","type":"product","link":"https:\/\/linoexpress.com\/cz\/produkt\/rucni-turbo-cistic\/","title":{"rendered":"Ru\u010dn\u00ed turbo \u010disti\u010d"},"content":{"rendered":"","protected":false},"excerpt":{"rendered":"<p>Ru\u010dn\u00ed turbo \u010disti\u010d p\u0159in\u00e1\u0161\u00ed siln\u00e9 a rychl\u00e9 \u010di\u0161t\u011bn\u00ed bez kabel\u016f a komplikac\u00ed. D\u00edky kompaktn\u00edmu designu a siln\u00e9mu s\u00e1n\u00ed snadno odstra\u0148uje prach a ne\u010distoty i z t\u011b\u017eko dostupn\u00fdch m\u00edst. Ide\u00e1ln\u00ed pro domov a automobil &#8211; v\u017edy p\u0159ipraven, kdy\u017e ho pot\u0159ebujete.<\/p>\n","protected":false},"featured_media":26013,"comment_status":"closed","ping_status":"closed","template":"","meta":{"inline_featured_image":false},"product_brand":[],"product_cat":[27,24,15,35],"product_tag":[],"class_list":{"0":"post-26012","1":"product","2":"type-product","3":"status-publish","4":"has-post-thumbnail","6":"product_cat-home","7":"product_cat-sale","8":"product_cat-uncategorized","9":"product_cat-fun","11":"first","12":"instock","13":"sale","14":"taxable","15":"shipping-taxable","16":"purchasable","17":"product-type-simple"},"acf":[],"_links":{"self":[{"href":"https:\/\/linoexpress.com\/cz\/wp-json\/wp\/v2\/product\/26012","targetHints":{"allow":["GET"]}}],"collection":[{"href":"https:\/\/linoexpress.com\/cz\/wp-json\/wp\/v2\/product"}],"about":[{"href":"https:\/\/linoexpress.com\/cz\/wp-json\/wp\/v2\/types\/product"}],"replies":[{"embeddable":true,"href":"https:\/\/linoexpress.com\/cz\/wp-json\/wp\/v2\/comments?post=26012"}],"wp:featuredmedia":[{"embeddable":true,"href":"https:\/\/linoexpress.com\/cz\/wp-json\/wp\/v2\/media\/26013"}],"wp:attachment":[{"href":"https:\/\/linoexpress.com\/cz\/wp-json\/wp\/v2\/media?parent=26012"}],"wp:term":[{"taxonomy":"product_brand","embeddable":true,"href":"https:\/\/linoexpress.com\/cz\/wp-json\/wp\/v2\/product_brand?post=26012"},{"taxonomy":"product_cat","embeddable":true,"href":"https:\/\/linoexpress.com\/cz\/wp-json\/wp\/v2\/product_cat?post=26012"},{"taxonomy":"product_tag","embeddable":true,"href":"https:\/\/linoexpress.com\/cz\/wp-json\/wp\/v2\/product_tag?post=26012"}],"curies":[{"name":"wp","href":"https:\/\/api.w.org\/{rel}","templated":true}]}}