{"id":320,"date":"2020-12-01T10:25:37","date_gmt":"2020-12-01T09:25:37","guid":{"rendered":"https:\/\/shopium.eu\/rs\/?post_type=product&#038;p=320"},"modified":"2021-04-07T15:18:31","modified_gmt":"2021-04-07T13:18:31","slug":"proseal","status":"publish","type":"product","link":"https:\/\/linoexpress.com\/cz\/produkt\/proseal\/","title":{"rendered":"Profesion\u00e1ln\u00ed p\u0159enosn\u00fd uzav\u00edra\u010d s\u00e1\u010dk\u016f &#8211; ProSeal"},"content":{"rendered":"<p>Zachovejte kvalitu a sv\u011b\u017eest sv\u00fdch potravin, s t\u00edmto mini p\u0159enosn\u00fdm tepeln\u00fdm uzav\u00edra\u010dem s\u00e1\u010dk\u016f, udr\u017ete si kvalitu a sv\u011b\u017eest sv\u00fdch potravin zcela jednodu\u0161e, s maxim\u00e1ln\u00ed \u00fa\u010dinnost\u00ed.<\/p>\n","protected":false},"excerpt":{"rendered":"<p>Zachovejte kvalitu a sv\u011b\u017eest sv\u00fdch potravin, s t\u00edmto mini p\u0159enosn\u00fdm tepeln\u00fdm uzav\u00edra\u010dem s\u00e1\u010dk\u016f, udr\u017ete si kvalitu a sv\u011b\u017eest sv\u00fdch potravin zcela jednodu\u0161e, s maxim\u00e1ln\u00ed \u00fa\u010dinnost\u00ed.<\/p>\n","protected":false},"featured_media":326,"comment_status":"closed","ping_status":"closed","template":"","meta":{"inline_featured_image":false},"product_brand":[],"product_cat":[27,24,15],"product_tag":[],"class_list":{"0":"post-320","1":"product","2":"type-product","3":"status-publish","4":"has-post-thumbnail","6":"product_cat-home","7":"product_cat-sale","8":"product_cat-uncategorized","10":"first","11":"instock","12":"sale","13":"taxable","14":"shipping-taxable","15":"purchasable","16":"product-type-simple"},"acf":[],"_links":{"self":[{"href":"https:\/\/linoexpress.com\/cz\/wp-json\/wp\/v2\/product\/320","targetHints":{"allow":["GET"]}}],"collection":[{"href":"https:\/\/linoexpress.com\/cz\/wp-json\/wp\/v2\/product"}],"about":[{"href":"https:\/\/linoexpress.com\/cz\/wp-json\/wp\/v2\/types\/product"}],"replies":[{"embeddable":true,"href":"https:\/\/linoexpress.com\/cz\/wp-json\/wp\/v2\/comments?post=320"}],"wp:featuredmedia":[{"embeddable":true,"href":"https:\/\/linoexpress.com\/cz\/wp-json\/wp\/v2\/media\/326"}],"wp:attachment":[{"href":"https:\/\/linoexpress.com\/cz\/wp-json\/wp\/v2\/media?parent=320"}],"wp:term":[{"taxonomy":"product_brand","embeddable":true,"href":"https:\/\/linoexpress.com\/cz\/wp-json\/wp\/v2\/product_brand?post=320"},{"taxonomy":"product_cat","embeddable":true,"href":"https:\/\/linoexpress.com\/cz\/wp-json\/wp\/v2\/product_cat?post=320"},{"taxonomy":"product_tag","embeddable":true,"href":"https:\/\/linoexpress.com\/cz\/wp-json\/wp\/v2\/product_tag?post=320"}],"curies":[{"name":"wp","href":"https:\/\/api.w.org\/{rel}","templated":true}]}}