{"id":3542,"date":"2021-10-15T14:28:52","date_gmt":"2021-10-15T12:28:52","guid":{"rendered":"https:\/\/linoexpress.com\/cz\/?post_type=product&#038;p=3542"},"modified":"2024-06-19T11:56:17","modified_gmt":"2024-06-19T09:56:17","slug":"elektricky-holici-strojek-hairer","status":"publish","type":"product","link":"https:\/\/linoexpress.com\/cz\/produkt\/elektricky-holici-strojek-hairer\/","title":{"rendered":"Elektrick\u00fd holic\u00ed strojek &#8211; Hairer"},"content":{"rendered":"","protected":false},"excerpt":{"rendered":"<p>Ud\u011blejte si velkou \u00falevu p\u0159i ka\u017edodenn\u00ed pr\u00e1ci, at\u00b4u\u017e jste profesion\u00e1lem, nebo takov\u00fd n\u00e1stavec pot\u0159ebujete pro dom\u00e1c\u00ed pou\u017eit\u00ed.<\/p>\n","protected":false},"featured_media":3551,"comment_status":"closed","ping_status":"closed","template":"","meta":{"inline_featured_image":false},"product_brand":[],"product_cat":[28,15],"product_tag":[],"class_list":{"0":"post-3542","1":"product","2":"type-product","3":"status-publish","4":"has-post-thumbnail","6":"product_cat-beauty","7":"product_cat-uncategorized","9":"first","10":"instock","11":"sale","12":"taxable","13":"shipping-taxable","14":"purchasable","15":"product-type-simple"},"acf":[],"_links":{"self":[{"href":"https:\/\/linoexpress.com\/cz\/wp-json\/wp\/v2\/product\/3542","targetHints":{"allow":["GET"]}}],"collection":[{"href":"https:\/\/linoexpress.com\/cz\/wp-json\/wp\/v2\/product"}],"about":[{"href":"https:\/\/linoexpress.com\/cz\/wp-json\/wp\/v2\/types\/product"}],"replies":[{"embeddable":true,"href":"https:\/\/linoexpress.com\/cz\/wp-json\/wp\/v2\/comments?post=3542"}],"wp:featuredmedia":[{"embeddable":true,"href":"https:\/\/linoexpress.com\/cz\/wp-json\/wp\/v2\/media\/3551"}],"wp:attachment":[{"href":"https:\/\/linoexpress.com\/cz\/wp-json\/wp\/v2\/media?parent=3542"}],"wp:term":[{"taxonomy":"product_brand","embeddable":true,"href":"https:\/\/linoexpress.com\/cz\/wp-json\/wp\/v2\/product_brand?post=3542"},{"taxonomy":"product_cat","embeddable":true,"href":"https:\/\/linoexpress.com\/cz\/wp-json\/wp\/v2\/product_cat?post=3542"},{"taxonomy":"product_tag","embeddable":true,"href":"https:\/\/linoexpress.com\/cz\/wp-json\/wp\/v2\/product_tag?post=3542"}],"curies":[{"name":"wp","href":"https:\/\/api.w.org\/{rel}","templated":true}]}}