{"id":3617,"date":"2022-03-25T16:10:45","date_gmt":"2022-03-25T15:10:45","guid":{"rendered":"https:\/\/linoexpress.com\/cz\/?post_type=product&#038;p=3617"},"modified":"2024-06-19T11:56:05","modified_gmt":"2024-06-19T09:56:05","slug":"protiskluzova-multifunkcni-podlozka-telefonu-cartrio","status":"publish","type":"product","link":"https:\/\/linoexpress.com\/cz\/produkt\/protiskluzova-multifunkcni-podlozka-telefonu-cartrio\/","title":{"rendered":"Protiskluzov\u00e1 multifunk\u010dn\u00ed podlo\u017eka telefonu &#8211; Cartrio"},"content":{"rendered":"","protected":false},"excerpt":{"rendered":"<p>Multifunk\u010dn\u00ed protiskluzov\u00e1 podlo\u017eka, kter\u00e1 se umist\u00b4uje na palubn\u00ed desku v aut\u011b, s vestav\u011bn\u00fdm dr\u017e\u00e1kem telefonu a aromaterapi\u00ed, pro ka\u017ed\u00fd typ vozidla.<\/p>\n","protected":false},"featured_media":3623,"comment_status":"closed","ping_status":"closed","template":"","meta":{"inline_featured_image":false},"product_brand":[],"product_cat":[25,15],"product_tag":[],"class_list":{"0":"post-3617","1":"product","2":"type-product","3":"status-publish","4":"has-post-thumbnail","6":"product_cat-car","7":"product_cat-uncategorized","9":"first","10":"instock","11":"sale","12":"taxable","13":"shipping-taxable","14":"purchasable","15":"product-type-simple"},"acf":[],"_links":{"self":[{"href":"https:\/\/linoexpress.com\/cz\/wp-json\/wp\/v2\/product\/3617","targetHints":{"allow":["GET"]}}],"collection":[{"href":"https:\/\/linoexpress.com\/cz\/wp-json\/wp\/v2\/product"}],"about":[{"href":"https:\/\/linoexpress.com\/cz\/wp-json\/wp\/v2\/types\/product"}],"replies":[{"embeddable":true,"href":"https:\/\/linoexpress.com\/cz\/wp-json\/wp\/v2\/comments?post=3617"}],"wp:featuredmedia":[{"embeddable":true,"href":"https:\/\/linoexpress.com\/cz\/wp-json\/wp\/v2\/media\/3623"}],"wp:attachment":[{"href":"https:\/\/linoexpress.com\/cz\/wp-json\/wp\/v2\/media?parent=3617"}],"wp:term":[{"taxonomy":"product_brand","embeddable":true,"href":"https:\/\/linoexpress.com\/cz\/wp-json\/wp\/v2\/product_brand?post=3617"},{"taxonomy":"product_cat","embeddable":true,"href":"https:\/\/linoexpress.com\/cz\/wp-json\/wp\/v2\/product_cat?post=3617"},{"taxonomy":"product_tag","embeddable":true,"href":"https:\/\/linoexpress.com\/cz\/wp-json\/wp\/v2\/product_tag?post=3617"}],"curies":[{"name":"wp","href":"https:\/\/api.w.org\/{rel}","templated":true}]}}