{"id":3686,"date":"2022-05-03T12:20:32","date_gmt":"2022-05-03T10:20:32","guid":{"rendered":"https:\/\/linoexpress.com\/cz\/?post_type=product&#038;p=3686"},"modified":"2025-01-28T17:07:01","modified_gmt":"2025-01-28T16:07:01","slug":"sada-na-rucni-opravu-nabytku-fixall","status":"publish","type":"product","link":"https:\/\/linoexpress.com\/cz\/produkt\/sada-na-rucni-opravu-nabytku-fixall\/","title":{"rendered":"Sada na ru\u010dn\u00ed opravu n\u00e1bytku-FixAll"},"content":{"rendered":"","protected":false},"excerpt":{"rendered":"<p>Opravte drobn\u00e9 \u0161kr\u00e1bance na v\u0161ech typech podlah nebo jin\u00e9ho n\u00e1bytku a d\u0159ev\u011bn\u00fdch povrch\u016f. Ide\u00e1ln\u00ed na parkety, lamin\u00e1ty, pracovn\u00ed desky nebo n\u00e1bytek a d\u0159evo.<\/p>\n","protected":false},"featured_media":3698,"comment_status":"closed","ping_status":"closed","template":"","meta":{"inline_featured_image":false},"product_brand":[],"product_cat":[27,15],"product_tag":[],"class_list":{"0":"post-3686","1":"product","2":"type-product","3":"status-publish","4":"has-post-thumbnail","6":"product_cat-home","7":"product_cat-uncategorized","9":"first","10":"instock","11":"sale","12":"taxable","13":"shipping-taxable","14":"purchasable","15":"product-type-simple"},"acf":[],"_links":{"self":[{"href":"https:\/\/linoexpress.com\/cz\/wp-json\/wp\/v2\/product\/3686","targetHints":{"allow":["GET"]}}],"collection":[{"href":"https:\/\/linoexpress.com\/cz\/wp-json\/wp\/v2\/product"}],"about":[{"href":"https:\/\/linoexpress.com\/cz\/wp-json\/wp\/v2\/types\/product"}],"replies":[{"embeddable":true,"href":"https:\/\/linoexpress.com\/cz\/wp-json\/wp\/v2\/comments?post=3686"}],"wp:featuredmedia":[{"embeddable":true,"href":"https:\/\/linoexpress.com\/cz\/wp-json\/wp\/v2\/media\/3698"}],"wp:attachment":[{"href":"https:\/\/linoexpress.com\/cz\/wp-json\/wp\/v2\/media?parent=3686"}],"wp:term":[{"taxonomy":"product_brand","embeddable":true,"href":"https:\/\/linoexpress.com\/cz\/wp-json\/wp\/v2\/product_brand?post=3686"},{"taxonomy":"product_cat","embeddable":true,"href":"https:\/\/linoexpress.com\/cz\/wp-json\/wp\/v2\/product_cat?post=3686"},{"taxonomy":"product_tag","embeddable":true,"href":"https:\/\/linoexpress.com\/cz\/wp-json\/wp\/v2\/product_tag?post=3686"}],"curies":[{"name":"wp","href":"https:\/\/api.w.org\/{rel}","templated":true}]}}